
{"id":3,"date":"2020-11-02T12:57:35","date_gmt":"2020-11-02T12:57:35","guid":{"rendered":"https:\/\/wcspltd.co.uk\/?page_id=3"},"modified":"2021-01-28T09:24:53","modified_gmt":"2021-01-28T09:24:53","slug":"privacy-policy","status":"publish","type":"page","link":"https:\/\/wcspltd.co.uk\/fr\/privacy-policy\/","title":{"rendered":"Politique de confidentialit\u00e9"},"content":{"rendered":"<p>Cette politique de confidentialit\u00e9 s&#039;applique entre vous, l&#039;utilisateur de ce site Web et WEST COAST SEA PRODUCTS LTD, le propri\u00e9taire et fournisseur de ce site Web. WEST COAST SEA PRODUCTS LTD prend tr\u00e8s au s\u00e9rieux la confidentialit\u00e9 de vos informations. Cette politique de confidentialit\u00e9 s&#039;applique \u00e0 notre utilisation de toutes les donn\u00e9es collect\u00e9es par nous ou fournies par vous en relation avec votre utilisation du site Web.<\/p>\r\n<p>Cette politique de confidentialit\u00e9 doit \u00eatre lue parall\u00e8lement, et en compl\u00e9ment, \u00e0 nos conditions g\u00e9n\u00e9rales, qui peuvent \u00eatre trouv\u00e9es \u00e0 l&#039;adresse: https:\/\/wcspltd.co.uk.<\/p>\r\n<p><strong>Veuillez lire attentivement cette politique de confidentialit\u00e9<\/strong>.<\/p>\r\n<p><strong>Definitions et interpretation<\/strong><\/p>\r\n<ol>\r\n<li>Dans cette politique de confidentialit\u00e9, les d\u00e9finitions suivantes sont utilis\u00e9es:<\/li>\r\n<\/ol>\r\n<table>\r\n<tbody>\r\n<tr>\r\n<td>\r\n<p><strong>Les donn\u00e9es<\/strong><\/p>\r\n<\/td>\r\n<td>\r\n<p>collectivement, toutes les informations que vous soumettez \u00e0 WEST COAST SEA PRODUCTS LTD via le site Web. Cette d\u00e9finition int\u00e8gre, le cas \u00e9ch\u00e9ant, les d\u00e9finitions fournies dans les lois sur la protection des donn\u00e9es;<\/p>\r\n<\/td>\r\n<\/tr>\r\n<tr>\r\n<td>\r\n<p><strong>Lois sur la protection des donn\u00e9es<\/strong><\/p>\r\n<\/td>\r\n<td>\r\n<p>toute loi applicable relative au traitement des donn\u00e9es personnelles, y compris, mais sans s&#039;y limiter, le RGPD, et toutes les lois nationales de mise en \u0153uvre, les r\u00e9glementations et la l\u00e9gislation secondaire;<\/p>\r\n<\/td>\r\n<\/tr>\r\n<tr>\r\n<td>\r\n<p><strong>RGPD<\/strong><\/p>\r\n<\/td>\r\n<td>\r\n<p>le r\u00e8glement g\u00e9n\u00e9ral sur la protection des donn\u00e9es du Royaume-Uni;<\/p>\r\n<\/td>\r\n<\/tr>\r\n<tr>\r\n<td>\r\n<p><strong>WEST COAST SEA PRODUCTS LTD,\u00a0\u00a0<br \/>\u00a0nous\u00a0<\/strong>\u00a0ou\u00a0<strong>nous<\/strong><\/p>\r\n<\/td>\r\n<td>\r\n<p>\u00a0\u00a0WEST COAST SEA PRODUCTS LTD, soci\u00e9t\u00e9 constitu\u00e9e en \u00c9cosse sous le num\u00e9ro d&#039;enregistrement SC48969 dont le si\u00e8ge social est situ\u00e9 \u00e0 Dee Walk, Dumfries and Galloway, DG6 4DQ;\u00a0<\/p>\r\n<\/td>\r\n<\/tr>\r\n<tr>\r\n<td>\r\n<p><strong>Utilisateur<\/strong>\u00a0ou\u00a0<strong>tu<\/strong><\/p>\r\n<\/td>\r\n<td>\r\n<p>tout tiers qui acc\u00e8de au site Web et qui n&#039;est pas (i) employ\u00e9 par WEST COAST SEA PRODUCTS LTD et agissant dans le cadre de son emploi ou (ii) engag\u00e9 en tant que consultant ou fournissant autrement des services \u00e0 WEST COAST SEA PRODUCTS LTD et acc\u00e9dant au Site Web en relation avec la fourniture de tels services; et<\/p>\r\n<\/td>\r\n<\/tr>\r\n<tr>\r\n<td>\r\n<p><strong>Site Internet<\/strong><\/p>\r\n<\/td>\r\n<td>\r\n<p>le site Web que vous utilisez actuellement, https:\/\/wcspltd.co.uk, et tous les sous-domaines de ce site sauf si express\u00e9ment exclus par leurs propres termes et conditions.<\/p>\r\n<\/td>\r\n<\/tr>\r\n<\/tbody>\r\n<\/table>\r\n<ol start=\"2\">\r\n<li>Dans cette politique de confidentialit\u00e9, \u00e0 moins que le contexte n&#039;exige une interpr\u00e9tation diff\u00e9rente:\r\n<ol>\r\n<li>le singulier inclut le pluriel et vice versa;<\/li>\r\n<li>les r\u00e9f\u00e9rences \u00e0 des sous-clauses, clauses, annexes ou annexes sont des sous-clauses, clauses, annexes ou annexes de cette politique de confidentialit\u00e9;<\/li>\r\n<li>une r\u00e9f\u00e9rence \u00e0 une personne comprend les cabinets, les entreprises, les entit\u00e9s gouvernementales, les fiducies et les partenariats;<\/li>\r\n<li>\u00abY compris\u00bb signifie \u00aby compris sans limitation\u00bb;<\/li>\r\n<li>toute r\u00e9f\u00e9rence \u00e0 une disposition l\u00e9gale comprend toute modification ou amendement de celle-ci;<\/li>\r\n<li>les titres et sous-titres ne font pas partie de cette politique de confidentialit\u00e9.<\/li>\r\n<\/ol>\r\n<\/li>\r\n<\/ol>\r\n<p><strong>Port\u00e9e de cette politique de confidentialit\u00e9<\/strong><\/p>\r\n<ol start=\"3\">\r\n<li>Cette politique de confidentialit\u00e9 s&#039;applique uniquement aux actions de WEST COAST SEA PRODUCTS LTD et des utilisateurs \u00e0 l&#039;\u00e9gard de ce site Web. Il ne s&#039;\u00e9tend pas aux sites Web accessibles \u00e0 partir de ce site Web, y compris, mais sans s&#039;y limiter, les liens que nous pouvons fournir vers des sites Web de m\u00e9dias sociaux.<\/li>\r\n<li>Aux fins des lois applicables sur la protection des donn\u00e9es, WEST COAST SEA PRODUCTS LTD est le \u00abresponsable du traitement des donn\u00e9es\u00bb. Cela signifie que WEST COAST SEA PRODUCTS LTD d\u00e9termine les finalit\u00e9s pour lesquelles et la mani\u00e8re dont vos donn\u00e9es sont trait\u00e9es.<\/li>\r\n<\/ol>\r\n<p><strong>Donn\u00e9es collect\u00e9es<\/strong><\/p>\r\n<ol start=\"5\">\r\n<li>Nous pouvons collecter les donn\u00e9es suivantes, qui incluent des donn\u00e9es personnelles, aupr\u00e8s de vous:\r\n<ol>\r\n<li>Nom;<\/li>\r\n<li>Informations de contact telles que les adresses e-mail et les num\u00e9ros de t\u00e9l\u00e9phone;<\/li>\r\n<li>informations d\u00e9mographiques telles que le code postal, les pr\u00e9f\u00e9rences et les int\u00e9r\u00eats;<\/li>\r\n<\/ol>\r\n<\/li>\r\n<\/ol>\r\n<p>dans chaque cas, conform\u00e9ment \u00e0 cette politique de confidentialit\u00e9.<\/p>\r\n<p><strong>Comment nous collectons les donn\u00e9es<\/strong><\/p>\r\n<ol start=\"6\">\r\n<li>Nous collectons des donn\u00e9es de la mani\u00e8re suivante:\r\n<ol>\r\n<li>les donn\u00e9es nous sont fournies par vous; et<\/li>\r\n<li>les donn\u00e9es sont collect\u00e9es automatiquement.<\/li>\r\n<\/ol>\r\n<\/li>\r\n<\/ol>\r\n<p><strong>Donn\u00e9es que vous nous avez fournies<\/strong><\/p>\r\n<ol start=\"7\">\r\n<li>WEST COAST SEA PRODUCTS LTD collectera vos donn\u00e9es de plusieurs mani\u00e8res, par exemple:\r\n<ol>\r\n<li>lorsque vous nous contactez via le site Web, par t\u00e9l\u00e9phone, par courrier, par e-mail ou par tout autre moyen;<\/li>\r\n<li>lorsque vous vous inscrivez chez nous et que vous cr\u00e9ez un compte pour recevoir nos produits \/ services;<\/li>\r\n<li>lorsque vous nous effectuez des paiements, via ce site Web ou autrement;<\/li>\r\n<li>lorsque vous utilisez nos services;<\/li>\r\n<\/ol>\r\n<\/li>\r\n<\/ol>\r\n<p>dans chaque cas, conform\u00e9ment \u00e0 cette politique de confidentialit\u00e9.<\/p>\r\n<p><strong>Donn\u00e9es collect\u00e9es automatiquement<\/strong><\/p>\r\n<ol start=\"8\">\r\n<li>Dans la mesure o\u00f9 vous acc\u00e9dez au site Web, nous collecterons vos donn\u00e9es automatiquement, par exemple:\r\n<ol>\r\n<li>nous recueillons automatiquement certaines informations sur votre visite sur le site Web. Ces informations nous aident \u00e0 am\u00e9liorer le contenu et la navigation du site Web, et incluent votre adresse IP, la date, les heures et la fr\u00e9quence avec lesquelles vous acc\u00e9dez au site Web et la fa\u00e7on dont vous utilisez et interagissez avec son contenu.<\/li>\r\n<\/ol>\r\n<\/li>\r\n<\/ol>\r\n<p><strong>Notre utilisation des donn\u00e9es<\/strong><\/p>\r\n<ol start=\"9\">\r\n<li>Tout ou partie des donn\u00e9es ci-dessus peuvent \u00eatre requises par nous de temps \u00e0 autre afin de vous fournir le meilleur service et la meilleure exp\u00e9rience possible lors de l&#039;utilisation de notre site Web. Plus pr\u00e9cis\u00e9ment, les Donn\u00e9es peuvent \u00eatre utilis\u00e9es par nous pour les raisons suivantes:\r\n<ol>\r\n<li>tenue de registres internes;<\/li>\r\n<\/ol>\r\n<\/li>\r\n<\/ol>\r\n<p>dans chaque cas, conform\u00e9ment \u00e0 cette politique de confidentialit\u00e9.<\/p>\r\n<ol start=\"10\">\r\n<li>Nous pouvons utiliser vos donn\u00e9es aux fins ci-dessus si nous le jugeons n\u00e9cessaire pour nos int\u00e9r\u00eats l\u00e9gitimes. Si cela ne vous satisfait pas, vous avez le droit de vous opposer dans certaines circonstances (voir la section intitul\u00e9e \u00abVos droits\u00bb ci-dessous).<\/li>\r\n<li>Lorsque vous vous inscrivez aupr\u00e8s de nous et que vous cr\u00e9ez un compte pour recevoir nos services, la base juridique de ce traitement est l&#039;ex\u00e9cution d&#039;un contrat entre vous et nous et \/ ou la prise de mesures, \u00e0 votre demande, pour conclure un tel contrat.<\/li>\r\n<\/ol>\r\n<p><strong>Avec qui partageons-nous des donn\u00e9es<\/strong><\/p>\r\n<ol start=\"12\">\r\n<li>Nous pouvons partager vos donn\u00e9es avec les groupes de personnes suivants pour les raisons suivantes:\r\n<ol>\r\n<li>nos employ\u00e9s, agents et \/ ou conseillers professionnels - pour pouvoir livrer les commandes;<\/li>\r\n<\/ol>\r\n<\/li>\r\n<\/ol>\r\n<p>dans chaque cas, conform\u00e9ment \u00e0 cette politique de confidentialit\u00e9.<\/p>\r\n<p><strong>Prot\u00e9ger les donn\u00e9es<\/strong><\/p>\r\n<ol start=\"13\">\r\n<li>Nous utiliserons des mesures techniques et organisationnelles pour prot\u00e9ger vos donn\u00e9es, par exemple:\r\n<ol>\r\n<li>l&#039;acc\u00e8s \u00e0 votre compte est contr\u00f4l\u00e9 par un mot de passe et un nom d&#039;utilisateur qui vous sont propres.<\/li>\r\n<li>nous stockons vos donn\u00e9es sur des serveurs s\u00e9curis\u00e9s.<\/li>\r\n<\/ol>\r\n<\/li>\r\n<li>Nous sommes certifi\u00e9s ISO 27001. Cette famille de normes nous aide \u00e0 g\u00e9rer vos donn\u00e9es et \u00e0 les prot\u00e9ger.<\/li>\r\n<li>Les mesures techniques et organisationnelles comprennent des mesures pour faire face \u00e0 toute violation de donn\u00e9es pr\u00e9sum\u00e9e. Si vous suspectez une utilisation abusive, une perte ou un acc\u00e8s non autoris\u00e9 \u00e0 vos donn\u00e9es, veuillez nous en informer imm\u00e9diatement en nous contactant via cette adresse e-mail: alice@wcspltd.co.uk.<\/li>\r\n<li>Si vous souhaitez obtenir des informations d\u00e9taill\u00e9es de Get Safe Online sur la mani\u00e8re de prot\u00e9ger vos informations et vos ordinateurs et appareils contre la fraude, le vol d&#039;identit\u00e9, les virus et de nombreux autres probl\u00e8mes en ligne, veuillez visiter www.getsafeonline.org. Get Safe Online est soutenu par le gouvernement HM et des entreprises de premier plan.<\/li>\r\n<\/ol>\r\n<p><strong>La conservation des donn\u00e9es<\/strong><\/p>\r\n<ol start=\"17\">\r\n<li>\u00c0 moins qu&#039;une p\u00e9riode de conservation plus longue ne soit requise ou autoris\u00e9e par la loi, nous ne conserverons vos donn\u00e9es sur nos syst\u00e8mes que pendant la p\u00e9riode n\u00e9cessaire pour atteindre les objectifs d\u00e9crits dans la pr\u00e9sente politique de confidentialit\u00e9 ou jusqu&#039;\u00e0 ce que vous demandiez la suppression des donn\u00e9es.<\/li>\r\n<li>M\u00eame si nous supprimons vos donn\u00e9es, elles peuvent persister sur des supports de sauvegarde ou d&#039;archivage \u00e0 des fins l\u00e9gales, fiscales ou r\u00e9glementaires.<\/li>\r\n<\/ol>\r\n<p><strong>Tes droits<\/strong><\/p>\r\n<ol start=\"19\">\r\n<li>Vous disposez des droits suivants concernant vos donn\u00e9es:\r\n<ol>\r\n<li><strong>Droit d&#039;acc\u00e8s<\/strong>- le droit de demander (i) des copies des informations que nous d\u00e9tenons \u00e0 votre sujet \u00e0 tout moment, ou (ii) que nous modifions, mettons \u00e0 jour ou supprimons ces informations. Si nous vous donnons acc\u00e8s aux informations que nous d\u00e9tenons \u00e0 votre sujet, nous ne vous facturerons pas pour cela, sauf si votre demande est \u00abmanifestement infond\u00e9e ou excessive\u00bb. Lorsque nous sommes l\u00e9galement autoris\u00e9s \u00e0 le faire, nous pouvons refuser votre demande. Si nous refusons votre demande, nous vous en indiquerons les raisons.<\/li>\r\n<li><strong>Droit de corriger<\/strong>- le droit de faire rectifier vos Donn\u00e9es si elles sont inexactes ou incompl\u00e8tes.<\/li>\r\n<li><strong>Droit d&#039;effacement<\/strong>- le droit de demander que nous supprimions ou supprimions vos donn\u00e9es de nos syst\u00e8mes.<\/li>\r\n<li><strong>Droit de restreindre notre utilisation de vos donn\u00e9es<\/strong>- le droit de nous \u00abbloquer\u00bb d&#039;utiliser vos donn\u00e9es ou de limiter la mani\u00e8re dont nous pouvons les utiliser.<\/li>\r\n<li><strong>Droit \u00e0 la portabilit\u00e9 des donn\u00e9es<\/strong>- le droit de demander que nous d\u00e9placions, copions ou transf\u00e9rions vos donn\u00e9es.<\/li>\r\n<li><strong>Droit d&#039;opposition<\/strong>- le droit de s&#039;opposer \u00e0 notre utilisation de vos donn\u00e9es, y compris lorsque nous les utilisons pour nos int\u00e9r\u00eats l\u00e9gitimes.<\/li>\r\n<\/ol>\r\n<\/li>\r\n<li>Pour vous renseigner, exercer l&#039;un de vos droits \u00e9nonc\u00e9s ci-dessus ou retirer votre consentement au traitement de vos donn\u00e9es (o\u00f9 le consentement est notre base juridique pour le traitement de vos donn\u00e9es), veuillez nous contacter via cette adresse e-mail: alice @ wcspltd. co.uk.<\/li>\r\n<li>Si vous n&#039;\u00eates pas satisfait de la mani\u00e8re dont nous traitons une r\u00e9clamation que vous formulez concernant vos donn\u00e9es, vous pourrez peut-\u00eatre transmettre votre r\u00e9clamation \u00e0 l&#039;autorit\u00e9 de protection des donn\u00e9es comp\u00e9tente. Pour le Royaume-Uni, il s&#039;agit du Bureau du commissaire \u00e0 l&#039;information (ICO). Les coordonn\u00e9es de l&#039;ICO sont disponibles sur leur site Web \u00e0 l&#039;adresse https:\/\/ico.org.uk\/.<\/li>\r\n<li>Il est important que les donn\u00e9es que nous d\u00e9tenons \u00e0 votre sujet soient exactes et \u00e0 jour. Veuillez nous tenir inform\u00e9s si vos Donn\u00e9es changent pendant la p\u00e9riode pendant laquelle nous les conservons.<\/li>\r\n<\/ol>\r\n<p><strong>Liens vers d&#039;autres sites Web<\/strong><\/p>\r\n<ol start=\"23\">\r\n<li>Ce site Web peut, de temps \u00e0 autre, fournir des liens vers d&#039;autres sites Web. Nous n&#039;avons aucun contr\u00f4le sur ces sites Web et ne sommes pas responsables du contenu de ces sites Web. Cette politique de confidentialit\u00e9 ne s&#039;\u00e9tend pas \u00e0 votre utilisation de ces sites Web. Il vous est conseill\u00e9 de lire la politique de confidentialit\u00e9 ou la d\u00e9claration d&#039;autres sites Web avant de les utiliser.<\/li>\r\n<\/ol>\r\n<p><strong>Changements de propri\u00e9t\u00e9 et de contr\u00f4le de l&#039;entreprise<\/strong><\/p>\r\n<ol start=\"24\">\r\n<li>WEST COAST SEA PRODUCTS LTD peut, de temps \u00e0 autre, \u00e9tendre ou r\u00e9duire nos activit\u00e9s et cela peut impliquer la vente et \/ ou le transfert de contr\u00f4le de tout ou partie de WEST COAST SEA PRODUCTS LTD. Les donn\u00e9es fournies par les utilisateurs seront, lorsqu&#039;elles sont pertinentes pour toute partie de notre entreprise ainsi transf\u00e9r\u00e9e, transf\u00e9r\u00e9es avec cette partie et le nouveau propri\u00e9taire ou la nouvelle partie contr\u00f4lante sera, aux termes de la pr\u00e9sente politique de confidentialit\u00e9, autoris\u00e9 \u00e0 utiliser les donn\u00e9es pour les fins pour lesquelles il nous a \u00e9t\u00e9 initialement fourni.<\/li>\r\n<li>Nous pouvons \u00e9galement divulguer des donn\u00e9es \u00e0 un acheteur potentiel de notre entreprise ou de toute partie de celle-ci.<\/li>\r\n<li>Dans les cas ci-dessus, nous prendrons des mesures dans le but de garantir la protection de votre vie priv\u00e9e.<\/li>\r\n<\/ol>\r\n<p><strong>G\u00e9n\u00e9ral<\/strong><\/p>\r\n<ol start=\"27\">\r\n<li>Vous ne pouvez transf\u00e9rer aucun de vos droits en vertu de cette politique de confidentialit\u00e9 \u00e0 une autre personne. Nous pouvons transf\u00e9rer nos droits en vertu de cette politique de confidentialit\u00e9 lorsque nous pensons raisonnablement que vos droits ne seront pas affect\u00e9s.<\/li>\r\n<li>Si un tribunal ou une autorit\u00e9 comp\u00e9tente constate qu&#039;une disposition de cette politique de confidentialit\u00e9 (ou une partie de toute disposition) est invalide, ill\u00e9gale ou inapplicable, cette disposition ou partie de la disposition sera, dans la mesure requise, r\u00e9put\u00e9e supprim\u00e9e, et sa validit\u00e9 et l&#039;applicabilit\u00e9 des autres dispositions de cette politique de confidentialit\u00e9 ne sera pas affect\u00e9e.<\/li>\r\n<li>Sauf accord contraire, aucun retard, acte ou omission d&#039;une partie dans l&#039;exercice d&#039;un droit ou d&#039;un recours ne sera consid\u00e9r\u00e9 comme une renonciation \u00e0 ce droit ou \u00e0 tout autre droit ou recours.<\/li>\r\n<li>Cet accord sera r\u00e9gi et interpr\u00e9t\u00e9 selon le droit \u00e9cossais. Tous les litiges d\u00e9coulant de l&#039;Accord seront soumis \u00e0 la juridiction exclusive des \u00c9cossais.<\/li>\r\n<\/ol>\r\n<p><strong>Modifications de cette politique de confidentialit\u00e9<\/strong><\/p>\r\n<ol start=\"31\">\r\n<li>WEST COAST SEA PRODUCTS LTD se r\u00e9serve le droit de modifier cette politique de confidentialit\u00e9 si nous le jugeons n\u00e9cessaire de temps \u00e0 autre ou comme l&#039;exige la loi. Toute modification sera imm\u00e9diatement publi\u00e9e sur le site Web et vous \u00eates r\u00e9put\u00e9 avoir accept\u00e9 les termes de la politique de confidentialit\u00e9 lors de votre premi\u00e8re utilisation du site Web apr\u00e8s les modifications.\u00a0\u00a0<br \/>\u00a0\u00a0\u00a0<br \/>\u00a0\u00a0Vous pouvez contacter WEST COAST SEA PRODUCTS LTD par e-mail \u00e0 alice@wcspltd.co.uk.<\/li>\r\n<\/ol>\r\n<p><strong>Attribution<\/strong><\/p>\r\n<ol start=\"32\">\r\n<li>Cette politique de confidentialit\u00e9 a \u00e9t\u00e9 cr\u00e9\u00e9e \u00e0 l&#039;aide d&#039;un document de\u00a0<a href=\"https:\/\/www.rocketlawyer.com\/gb\/en\/\">Avocat Rocket<\/a> (https:\/\/www.rocketlawyer.com\/gb\/en).<\/li>\r\n<\/ol>\r\n<p><strong>27 janvier 2021\u00a0<\/strong><\/p>\r\n\r\n\r\n\r\n<h3 class=\"wp-block-heading\">\u00a0<\/h3>","protected":false},"excerpt":{"rendered":"<p>This privacy policy applies between you, the User of this Website and\u00a0WEST COAST SEA PRODUCTS LTD, the owner and provider of this Website.\u00a0WEST COAST SEA&#8230;<\/p>","protected":false},"author":1,"featured_media":0,"parent":0,"menu_order":0,"comment_status":"closed","ping_status":"closed","template":"","meta":{"rs_blank_template":"","rs_page_bg_color":"#ffffff","slide_template_v7":"","footnotes":""},"class_list":["post-3","page","type-page","status-publish","hentry"],"yoast_head":"<!-- This site is optimized with the Yoast SEO plugin v27.3 - https:\/\/yoast.com\/product\/yoast-seo-wordpress\/ -->\n<title>Privacy Policy - West Coast Sea Products Ltd - Wholesale Shellfish Suppliers<\/title>\n<meta name=\"robots\" content=\"index, follow, max-snippet:-1, max-image-preview:large, max-video-preview:-1\" \/>\n<link rel=\"canonical\" href=\"https:\/\/wcspltd.co.uk\/fr\/privacy-policy\/\" \/>\n<meta property=\"og:locale\" content=\"fr_FR\" \/>\n<meta property=\"og:type\" content=\"article\" \/>\n<meta property=\"og:title\" content=\"Privacy Policy - West Coast Sea Products Ltd - Wholesale Shellfish Suppliers\" \/>\n<meta property=\"og:description\" content=\"This privacy policy applies between you, the User of this Website and\u00a0WEST COAST SEA PRODUCTS LTD, the owner and provider of this Website.\u00a0WEST COAST SEA...\" \/>\n<meta property=\"og:url\" content=\"https:\/\/wcspltd.co.uk\/fr\/privacy-policy\/\" \/>\n<meta property=\"og:site_name\" content=\"West Coast Sea Products Ltd - Wholesale Shellfish Suppliers\" \/>\n<meta property=\"article:modified_time\" content=\"2021-01-28T09:24:53+00:00\" \/>\n<meta name=\"twitter:card\" content=\"summary_large_image\" \/>\n<meta name=\"twitter:label1\" content=\"Dur\u00e9e de lecture estim\u00e9e\" \/>\n\t<meta name=\"twitter:data1\" content=\"8 minutes\" \/>\n<script type=\"application\/ld+json\" class=\"yoast-schema-graph\">{\"@context\":\"https:\\\/\\\/schema.org\",\"@graph\":[{\"@type\":\"WebPage\",\"@id\":\"https:\\\/\\\/wcspltd.co.uk\\\/privacy-policy\\\/\",\"url\":\"https:\\\/\\\/wcspltd.co.uk\\\/privacy-policy\\\/\",\"name\":\"Privacy Policy - West Coast Sea Products Ltd - Wholesale Shellfish Suppliers\",\"isPartOf\":{\"@id\":\"https:\\\/\\\/wcspltd.co.uk\\\/#website\"},\"datePublished\":\"2020-11-02T12:57:35+00:00\",\"dateModified\":\"2021-01-28T09:24:53+00:00\",\"breadcrumb\":{\"@id\":\"https:\\\/\\\/wcspltd.co.uk\\\/privacy-policy\\\/#breadcrumb\"},\"inLanguage\":\"fr-FR\",\"potentialAction\":[{\"@type\":\"ReadAction\",\"target\":[\"https:\\\/\\\/wcspltd.co.uk\\\/privacy-policy\\\/\"]}]},{\"@type\":\"BreadcrumbList\",\"@id\":\"https:\\\/\\\/wcspltd.co.uk\\\/privacy-policy\\\/#breadcrumb\",\"itemListElement\":[{\"@type\":\"ListItem\",\"position\":1,\"name\":\"Home\",\"item\":\"https:\\\/\\\/wcspltd.co.uk\\\/\"},{\"@type\":\"ListItem\",\"position\":2,\"name\":\"Privacy Policy\"}]},{\"@type\":\"WebSite\",\"@id\":\"https:\\\/\\\/wcspltd.co.uk\\\/#website\",\"url\":\"https:\\\/\\\/wcspltd.co.uk\\\/\",\"name\":\"West Coast Sea Products Ltd - Wholesale Shellfish Suppliers\",\"description\":\"\",\"potentialAction\":[{\"@type\":\"SearchAction\",\"target\":{\"@type\":\"EntryPoint\",\"urlTemplate\":\"https:\\\/\\\/wcspltd.co.uk\\\/?s={search_term_string}\"},\"query-input\":{\"@type\":\"PropertyValueSpecification\",\"valueRequired\":true,\"valueName\":\"search_term_string\"}}],\"inLanguage\":\"fr-FR\"}]}<\/script>\n<!-- \/ Yoast SEO plugin. -->","yoast_head_json":{"title":"Privacy Policy - West Coast Sea Products Ltd - Wholesale Shellfish Suppliers","robots":{"index":"index","follow":"follow","max-snippet":"max-snippet:-1","max-image-preview":"max-image-preview:large","max-video-preview":"max-video-preview:-1"},"canonical":"https:\/\/wcspltd.co.uk\/fr\/privacy-policy\/","og_locale":"fr_FR","og_type":"article","og_title":"Privacy Policy - West Coast Sea Products Ltd - Wholesale Shellfish Suppliers","og_description":"This privacy policy applies between you, the User of this Website and\u00a0WEST COAST SEA PRODUCTS LTD, the owner and provider of this Website.\u00a0WEST COAST SEA...","og_url":"https:\/\/wcspltd.co.uk\/fr\/privacy-policy\/","og_site_name":"West Coast Sea Products Ltd - Wholesale Shellfish Suppliers","article_modified_time":"2021-01-28T09:24:53+00:00","twitter_card":"summary_large_image","twitter_misc":{"Dur\u00e9e de lecture estim\u00e9e":"8 minutes"},"schema":{"@context":"https:\/\/schema.org","@graph":[{"@type":"WebPage","@id":"https:\/\/wcspltd.co.uk\/privacy-policy\/","url":"https:\/\/wcspltd.co.uk\/privacy-policy\/","name":"Privacy Policy - West Coast Sea Products Ltd - Wholesale Shellfish Suppliers","isPartOf":{"@id":"https:\/\/wcspltd.co.uk\/#website"},"datePublished":"2020-11-02T12:57:35+00:00","dateModified":"2021-01-28T09:24:53+00:00","breadcrumb":{"@id":"https:\/\/wcspltd.co.uk\/privacy-policy\/#breadcrumb"},"inLanguage":"fr-FR","potentialAction":[{"@type":"ReadAction","target":["https:\/\/wcspltd.co.uk\/privacy-policy\/"]}]},{"@type":"BreadcrumbList","@id":"https:\/\/wcspltd.co.uk\/privacy-policy\/#breadcrumb","itemListElement":[{"@type":"ListItem","position":1,"name":"Home","item":"https:\/\/wcspltd.co.uk\/"},{"@type":"ListItem","position":2,"name":"Privacy Policy"}]},{"@type":"WebSite","@id":"https:\/\/wcspltd.co.uk\/#website","url":"https:\/\/wcspltd.co.uk\/","name":"West Coast Sea Products Ltd - Fournisseurs de mollusques et crustac\u00e9s en gros","description":"","potentialAction":[{"@type":"SearchAction","target":{"@type":"EntryPoint","urlTemplate":"https:\/\/wcspltd.co.uk\/?s={search_term_string}"},"query-input":{"@type":"PropertyValueSpecification","valueRequired":true,"valueName":"search_term_string"}}],"inLanguage":"fr-FR"}]}},"jetpack_sharing_enabled":true,"_links":{"self":[{"href":"https:\/\/wcspltd.co.uk\/fr\/wp-json\/wp\/v2\/pages\/3","targetHints":{"allow":["GET"]}}],"collection":[{"href":"https:\/\/wcspltd.co.uk\/fr\/wp-json\/wp\/v2\/pages"}],"about":[{"href":"https:\/\/wcspltd.co.uk\/fr\/wp-json\/wp\/v2\/types\/page"}],"author":[{"embeddable":true,"href":"https:\/\/wcspltd.co.uk\/fr\/wp-json\/wp\/v2\/users\/1"}],"replies":[{"embeddable":true,"href":"https:\/\/wcspltd.co.uk\/fr\/wp-json\/wp\/v2\/comments?post=3"}],"version-history":[{"count":0,"href":"https:\/\/wcspltd.co.uk\/fr\/wp-json\/wp\/v2\/pages\/3\/revisions"}],"wp:attachment":[{"href":"https:\/\/wcspltd.co.uk\/fr\/wp-json\/wp\/v2\/media?parent=3"}],"curies":[{"name":"wp","href":"https:\/\/api.w.org\/{rel}","templated":true}]}}