
{"id":7515,"date":"2020-11-23T15:08:25","date_gmt":"2020-11-23T15:08:25","guid":{"rendered":"https:\/\/wcspltd.co.uk\/?page_id=7515"},"modified":"2025-09-16T10:08:10","modified_gmt":"2025-09-16T10:08:10","slug":"restaurants","status":"publish","type":"page","link":"https:\/\/wcspltd.co.uk\/fr\/restaurants\/","title":{"rendered":"Restaurants et poissonniers"},"content":{"rendered":"<div class=\"wpb-content-wrapper\"><section data-vc-full-width=\"true\" data-vc-full-width-temp=\"true\" data-vc-full-width-init=\"false\" class=\"vc_section vc_custom_1605801424839 et_custom_uniqid_new_5fb68682ea155\"><div class=\"vc_row wpb_row vc_row-fluid vc_custom_1533807253446 vc_row-o-equal-height vc_row-o-content-middle vc_row-flex et_custom_uniqid_69e1e1776b270\"><div class=\"wpb_column vc_column_container vc_col-sm-12 et_custom_uniqid_69e1e1776b22a\"><div class=\"vc_column-inner vc_custom_1468415010667\"><div class=\"wpb_wrapper\">\n\t<div  class=\"wpb_single_image wpb_content_element vc_align_center wpb_content_element vc_custom_1672917220679\">\n\t\t\n\t\t<figure class=\"wpb_wrapper vc_figure\">\n\t\t\t<div class=\"vc_single_image-wrapper   vc_box_border_grey\"><img decoding=\"async\" width=\"960\" height=\"296\" src=\"https:\/\/wcspltd.co.uk\/wp-content\/uploads\/xstore\/xstore-placeholder-325x100.png\" class=\"vc_single_image-img attachment-full lazyload lazyload-simple et-lazyload-fadeIn\" alt=\"\" title=\"Untitled design (9)\" sizes=\"(max-width: 960px) 100vw, 960px\" data-src=\"https:\/\/wcspltd.co.uk\/wp-content\/uploads\/2023\/01\/Untitled-design-9.png\" data-srcset=\"https:\/\/wcspltd.co.uk\/wp-content\/uploads\/2023\/01\/Untitled-design-9.png 960w, https:\/\/wcspltd.co.uk\/wp-content\/uploads\/2023\/01\/Untitled-design-9-300x93.png 300w, https:\/\/wcspltd.co.uk\/wp-content\/uploads\/2023\/01\/Untitled-design-9-768x237.png 768w, https:\/\/wcspltd.co.uk\/wp-content\/uploads\/2023\/01\/Untitled-design-9-18x6.png 18w, https:\/\/wcspltd.co.uk\/wp-content\/uploads\/2023\/01\/Untitled-design-9-600x185.png 600w, https:\/\/wcspltd.co.uk\/wp-content\/uploads\/2023\/01\/Untitled-design-9-1x1.png 1w, https:\/\/wcspltd.co.uk\/wp-content\/uploads\/2023\/01\/Untitled-design-9-10x3.png 10w\" \/><\/div>\n\t\t<\/figure>\n\t<\/div>\n<h2 style=\"font-size: 24px;color: #275c9f;line-height: 28px;text-align: center\" class=\"vc_custom_heading vc_do_custom_heading vc_custom_1606147966009\" >Fourniture de restaurants et de poissonniers<\/h2>\n\t<div class=\"wpb_text_column wpb_content_element vc_custom_1758017288055\" >\n\t\t<div class=\"wpb_wrapper\">\n\t\t\t<p style=\"text-align: center;\">If you are interested in fresh seafood for your business, you can request more information by emailing <span id=\"cloak48062f3eb69aba71609f4bc6fb447f55\"><a href=\"mailto:alice@wcspltd.co.uk\">info@wcspltd.co.uk<\/a><\/span>.<\/p>\n<p style=\"text-align: center;\">Nous sommes plus qu&#039;heureux de discuter de votre demande et de prendre les dispositions n\u00e9cessaires pour r\u00e9pondre \u00e0 vos besoins.<\/p>\n<p style=\"text-align: center;\">Please note, at this moment in time we are only able to supply those based in Dumfries &amp; Galloway, South Lanarkshire and Edinburgh.<\/p>\n\n\t\t<\/div>\n\t<\/div>\n<\/div><\/div><\/div><\/div><\/section><div class=\"vc_row-full-width vc_clearfix\"><\/div>\n<\/div>","protected":false},"excerpt":{"rendered":"Restaurant and Fishmonger Supply If you are interested in fresh seafood for your business, you can request more information by emailing info@wcspltd.co.uk. We are more...","protected":false},"author":1,"featured_media":7371,"parent":0,"menu_order":0,"comment_status":"closed","ping_status":"closed","template":"","meta":{"rs_blank_template":"","rs_page_bg_color":"","slide_template_v7":"","footnotes":""},"class_list":["post-7515","page","type-page","status-publish","has-post-thumbnail","hentry"],"yoast_head":"<!-- This site is optimized with the Yoast SEO plugin v27.4 - https:\/\/yoast.com\/product\/yoast-seo-wordpress\/ -->\n<title>Wholesale Scallops &amp; Shellfish For Restaurants &amp; Fishmongers<\/title>\n<meta name=\"description\" content=\"West Coast Sea Products Offer Great Wholesale Scallops &amp; Shellfish Offerings For Restaurants &amp; Fishmongers.\" \/>\n<meta name=\"robots\" content=\"index, follow, max-snippet:-1, max-image-preview:large, max-video-preview:-1\" \/>\n<link rel=\"canonical\" href=\"https:\/\/wcspltd.co.uk\/fr\/restaurants\/\" \/>\n<meta property=\"og:locale\" content=\"fr_FR\" \/>\n<meta property=\"og:type\" content=\"article\" \/>\n<meta property=\"og:title\" content=\"Wholesale Scallops &amp; Shellfish For Restaurants &amp; Fishmongers\" \/>\n<meta property=\"og:description\" content=\"West Coast Sea Products Offer Great Wholesale Scallops &amp; Shellfish Offerings For Restaurants &amp; Fishmongers.\" \/>\n<meta property=\"og:url\" content=\"https:\/\/wcspltd.co.uk\/fr\/restaurants\/\" \/>\n<meta property=\"og:site_name\" content=\"West Coast Sea Products Ltd - Wholesale Shellfish Suppliers\" \/>\n<meta property=\"article:modified_time\" content=\"2025-09-16T10:08:10+00:00\" \/>\n<meta property=\"og:image\" content=\"https:\/\/wcspltd.co.uk\/wp-content\/uploads\/2020\/11\/queenies.jpg\" \/>\n\t<meta property=\"og:image:width\" content=\"1134\" \/>\n\t<meta property=\"og:image:height\" content=\"530\" \/>\n\t<meta property=\"og:image:type\" content=\"image\/jpeg\" \/>\n<meta name=\"twitter:card\" content=\"summary_large_image\" \/>\n<meta name=\"twitter:label1\" content=\"Dur\u00e9e de lecture estim\u00e9e\" \/>\n\t<meta name=\"twitter:data1\" content=\"1 minute\" \/>\n<script type=\"application\/ld+json\" class=\"yoast-schema-graph\">{\"@context\":\"https:\\\/\\\/schema.org\",\"@graph\":[{\"@type\":\"WebPage\",\"@id\":\"https:\\\/\\\/wcspltd.co.uk\\\/restaurants\\\/\",\"url\":\"https:\\\/\\\/wcspltd.co.uk\\\/restaurants\\\/\",\"name\":\"Wholesale Scallops & Shellfish For Restaurants & Fishmongers\",\"isPartOf\":{\"@id\":\"https:\\\/\\\/wcspltd.co.uk\\\/#website\"},\"primaryImageOfPage\":{\"@id\":\"https:\\\/\\\/wcspltd.co.uk\\\/restaurants\\\/#primaryimage\"},\"image\":{\"@id\":\"https:\\\/\\\/wcspltd.co.uk\\\/restaurants\\\/#primaryimage\"},\"thumbnailUrl\":\"https:\\\/\\\/wcspltd.co.uk\\\/wp-content\\\/uploads\\\/2020\\\/11\\\/queenies.jpg\",\"datePublished\":\"2020-11-23T15:08:25+00:00\",\"dateModified\":\"2025-09-16T10:08:10+00:00\",\"description\":\"West Coast Sea Products Offer Great Wholesale Scallops & Shellfish Offerings For Restaurants & Fishmongers.\",\"breadcrumb\":{\"@id\":\"https:\\\/\\\/wcspltd.co.uk\\\/restaurants\\\/#breadcrumb\"},\"inLanguage\":\"fr-FR\",\"potentialAction\":[{\"@type\":\"ReadAction\",\"target\":[\"https:\\\/\\\/wcspltd.co.uk\\\/restaurants\\\/\"]}]},{\"@type\":\"ImageObject\",\"inLanguage\":\"fr-FR\",\"@id\":\"https:\\\/\\\/wcspltd.co.uk\\\/restaurants\\\/#primaryimage\",\"url\":\"https:\\\/\\\/wcspltd.co.uk\\\/wp-content\\\/uploads\\\/2020\\\/11\\\/queenies.jpg\",\"contentUrl\":\"https:\\\/\\\/wcspltd.co.uk\\\/wp-content\\\/uploads\\\/2020\\\/11\\\/queenies.jpg\",\"width\":1134,\"height\":530},{\"@type\":\"BreadcrumbList\",\"@id\":\"https:\\\/\\\/wcspltd.co.uk\\\/restaurants\\\/#breadcrumb\",\"itemListElement\":[{\"@type\":\"ListItem\",\"position\":1,\"name\":\"Home\",\"item\":\"https:\\\/\\\/wcspltd.co.uk\\\/\"},{\"@type\":\"ListItem\",\"position\":2,\"name\":\"Restaurants &#038; Fishmongers\"}]},{\"@type\":\"WebSite\",\"@id\":\"https:\\\/\\\/wcspltd.co.uk\\\/#website\",\"url\":\"https:\\\/\\\/wcspltd.co.uk\\\/\",\"name\":\"West Coast Sea Products Ltd - Wholesale Shellfish Suppliers\",\"description\":\"\",\"potentialAction\":[{\"@type\":\"SearchAction\",\"target\":{\"@type\":\"EntryPoint\",\"urlTemplate\":\"https:\\\/\\\/wcspltd.co.uk\\\/?s={search_term_string}\"},\"query-input\":{\"@type\":\"PropertyValueSpecification\",\"valueRequired\":true,\"valueName\":\"search_term_string\"}}],\"inLanguage\":\"fr-FR\"}]}<\/script>\n<!-- \/ Yoast SEO plugin. -->","yoast_head_json":{"title":"Wholesale Scallops & Shellfish For Restaurants & Fishmongers","description":"West Coast Sea Products Offer Great Wholesale Scallops & Shellfish Offerings For Restaurants & Fishmongers.","robots":{"index":"index","follow":"follow","max-snippet":"max-snippet:-1","max-image-preview":"max-image-preview:large","max-video-preview":"max-video-preview:-1"},"canonical":"https:\/\/wcspltd.co.uk\/fr\/restaurants\/","og_locale":"fr_FR","og_type":"article","og_title":"Wholesale Scallops & Shellfish For Restaurants & Fishmongers","og_description":"West Coast Sea Products Offer Great Wholesale Scallops & Shellfish Offerings For Restaurants & Fishmongers.","og_url":"https:\/\/wcspltd.co.uk\/fr\/restaurants\/","og_site_name":"West Coast Sea Products Ltd - Wholesale Shellfish Suppliers","article_modified_time":"2025-09-16T10:08:10+00:00","og_image":[{"width":1134,"height":530,"url":"https:\/\/wcspltd.co.uk\/wp-content\/uploads\/2020\/11\/queenies.jpg","type":"image\/jpeg"}],"twitter_card":"summary_large_image","twitter_misc":{"Dur\u00e9e de lecture estim\u00e9e":"1 minute"},"schema":{"@context":"https:\/\/schema.org","@graph":[{"@type":"WebPage","@id":"https:\/\/wcspltd.co.uk\/restaurants\/","url":"https:\/\/wcspltd.co.uk\/restaurants\/","name":"Wholesale Scallops & Shellfish For Restaurants & Fishmongers","isPartOf":{"@id":"https:\/\/wcspltd.co.uk\/#website"},"primaryImageOfPage":{"@id":"https:\/\/wcspltd.co.uk\/restaurants\/#primaryimage"},"image":{"@id":"https:\/\/wcspltd.co.uk\/restaurants\/#primaryimage"},"thumbnailUrl":"https:\/\/wcspltd.co.uk\/wp-content\/uploads\/2020\/11\/queenies.jpg","datePublished":"2020-11-23T15:08:25+00:00","dateModified":"2025-09-16T10:08:10+00:00","description":"West Coast Sea Products Offer Great Wholesale Scallops & Shellfish Offerings For Restaurants & Fishmongers.","breadcrumb":{"@id":"https:\/\/wcspltd.co.uk\/restaurants\/#breadcrumb"},"inLanguage":"fr-FR","potentialAction":[{"@type":"ReadAction","target":["https:\/\/wcspltd.co.uk\/restaurants\/"]}]},{"@type":"ImageObject","inLanguage":"fr-FR","@id":"https:\/\/wcspltd.co.uk\/restaurants\/#primaryimage","url":"https:\/\/wcspltd.co.uk\/wp-content\/uploads\/2020\/11\/queenies.jpg","contentUrl":"https:\/\/wcspltd.co.uk\/wp-content\/uploads\/2020\/11\/queenies.jpg","width":1134,"height":530},{"@type":"BreadcrumbList","@id":"https:\/\/wcspltd.co.uk\/restaurants\/#breadcrumb","itemListElement":[{"@type":"ListItem","position":1,"name":"Home","item":"https:\/\/wcspltd.co.uk\/"},{"@type":"ListItem","position":2,"name":"Restaurants &#038; Fishmongers"}]},{"@type":"WebSite","@id":"https:\/\/wcspltd.co.uk\/#website","url":"https:\/\/wcspltd.co.uk\/","name":"West Coast Sea Products Ltd - Fournisseurs de mollusques et crustac\u00e9s en gros","description":"","potentialAction":[{"@type":"SearchAction","target":{"@type":"EntryPoint","urlTemplate":"https:\/\/wcspltd.co.uk\/?s={search_term_string}"},"query-input":{"@type":"PropertyValueSpecification","valueRequired":true,"valueName":"search_term_string"}}],"inLanguage":"fr-FR"}]}},"jetpack_sharing_enabled":true,"_links":{"self":[{"href":"https:\/\/wcspltd.co.uk\/fr\/wp-json\/wp\/v2\/pages\/7515","targetHints":{"allow":["GET"]}}],"collection":[{"href":"https:\/\/wcspltd.co.uk\/fr\/wp-json\/wp\/v2\/pages"}],"about":[{"href":"https:\/\/wcspltd.co.uk\/fr\/wp-json\/wp\/v2\/types\/page"}],"author":[{"embeddable":true,"href":"https:\/\/wcspltd.co.uk\/fr\/wp-json\/wp\/v2\/users\/1"}],"replies":[{"embeddable":true,"href":"https:\/\/wcspltd.co.uk\/fr\/wp-json\/wp\/v2\/comments?post=7515"}],"version-history":[{"count":0,"href":"https:\/\/wcspltd.co.uk\/fr\/wp-json\/wp\/v2\/pages\/7515\/revisions"}],"wp:featuredmedia":[{"embeddable":true,"href":"https:\/\/wcspltd.co.uk\/fr\/wp-json\/wp\/v2\/media\/7371"}],"wp:attachment":[{"href":"https:\/\/wcspltd.co.uk\/fr\/wp-json\/wp\/v2\/media?parent=7515"}],"curies":[{"name":"wp","href":"https:\/\/api.w.org\/{rel}","templated":true}]}}