
{"id":13387,"date":"2023-07-11T13:19:13","date_gmt":"2023-07-11T13:19:13","guid":{"rendered":"https:\/\/wcspltd.co.uk\/?post_type=product&#038;p=13387"},"modified":"2025-07-16T12:17:54","modified_gmt":"2025-07-16T12:17:54","slug":"half-shell-queen-scallops-3","status":"publish","type":"product","link":"https:\/\/wcspltd.co.uk\/fr\/produit\/half-shell-queen-scallops-3\/","title":{"rendered":"Demi coquille Saint-Jacques"},"content":{"rendered":"<p>Sauvage captur\u00e9 dans les eaux britanniques et transform\u00e9 \u00e0 Kirkcudbright.<\/p>\n<p>Servir dans la demi-coquille fait une entr\u00e9e impressionnante. Si vous h\u00e9bergez, vous \u00eates assur\u00e9 d&#039;\u00e9pater vos invit\u00e9s avec des p\u00e9toncles reine dans la demi-coquille.<\/p>\n<p>Les p\u00e9toncles royaux sont rapides et faciles \u00e0 cuire! Arrosez-les simplement de votre sauce pr\u00e9f\u00e9r\u00e9e et placez-les sous le gril ou sur le barbecue pendant 1 minute! Ce sont les p\u00e9toncles les plus faciles et les plus rapides \u00e0 cuisiner et l&#039;une des meilleures d\u00e9gustations! Nous vous recommandons vivement de les essayer. Environ 8 \u00e0 10 p\u00e9toncles reines pour une entr\u00e9e suffisent bien que vous soyez assur\u00e9 d&#039;en vouloir plus.<\/p>","protected":false},"excerpt":{"rendered":"<p>Wild caught in UK waters and processed in Kirkcudbright. Serving in the half shell makes an impressive looking starter. If you are hosting, then you&#8230;<\/p>","protected":false},"featured_media":8197,"template":"","meta":{"rs_blank_template":"","rs_page_bg_color":"","slide_template_v7":""},"etheme_brands":[],"product_brand":[],"product_cat":[27,175,112,104],"product_tag":[],"class_list":{"0":"post-13387","1":"product","2":"type-product","3":"status-publish","4":"has-post-thumbnail","6":"product_cat-all","7":"product_cat-online-shop","8":"product_cat-scallops","9":"product_cat-shellfish","11":"first","12":"instock","13":"shipping-taxable","14":"purchasable","15":"product-type-simple"},"yoast_head":"<!-- This site is optimized with the Yoast SEO plugin v27.4 - https:\/\/yoast.com\/product\/yoast-seo-wordpress\/ -->\n<title>Buy Half Shell Queen Scallops Online | Delivery &amp; Collection<\/title>\n<meta name=\"description\" content=\"Buy Half Shell Queen Scallops From The West Coast Sea Products Online Store. Delivery &amp; Collection\" \/>\n<meta name=\"robots\" content=\"index, follow, max-snippet:-1, max-image-preview:large, max-video-preview:-1\" \/>\n<link rel=\"canonical\" href=\"https:\/\/wcspltd.co.uk\/fr\/produit\/half-shell-queen-scallops-3\/\" \/>\n<meta property=\"og:locale\" content=\"fr_FR\" \/>\n<meta property=\"og:type\" content=\"article\" \/>\n<meta property=\"og:title\" content=\"Buy Half Shell Queen Scallops Online | Delivery &amp; Collection\" \/>\n<meta property=\"og:description\" content=\"Buy Half Shell Queen Scallops From The West Coast Sea Products Online Store. Delivery &amp; Collection\" \/>\n<meta property=\"og:url\" content=\"https:\/\/wcspltd.co.uk\/fr\/produit\/half-shell-queen-scallops-3\/\" \/>\n<meta property=\"og:site_name\" content=\"West Coast Sea Products Ltd - Wholesale Shellfish Suppliers\" \/>\n<meta property=\"article:modified_time\" content=\"2025-07-16T12:17:54+00:00\" \/>\n<meta property=\"og:image\" content=\"https:\/\/wcspltd.co.uk\/wp-content\/uploads\/2020\/11\/half-shell-queens.jpg\" \/>\n\t<meta property=\"og:image:width\" content=\"1920\" \/>\n\t<meta property=\"og:image:height\" content=\"1354\" \/>\n\t<meta property=\"og:image:type\" content=\"image\/jpeg\" \/>\n<meta name=\"twitter:card\" content=\"summary_large_image\" \/>\n<meta name=\"twitter:label1\" content=\"Dur\u00e9e de lecture estim\u00e9e\" \/>\n\t<meta name=\"twitter:data1\" content=\"1 minute\" \/>\n<script type=\"application\/ld+json\" class=\"yoast-schema-graph\">{\"@context\":\"https:\\\/\\\/schema.org\",\"@graph\":[{\"@type\":\"WebPage\",\"@id\":\"https:\\\/\\\/wcspltd.co.uk\\\/product\\\/half-shell-queen-scallops-3\\\/\",\"url\":\"https:\\\/\\\/wcspltd.co.uk\\\/product\\\/half-shell-queen-scallops-3\\\/\",\"name\":\"Buy Half Shell Queen Scallops Online | Delivery &amp; Collection\",\"isPartOf\":{\"@id\":\"https:\\\/\\\/wcspltd.co.uk\\\/#website\"},\"primaryImageOfPage\":{\"@id\":\"https:\\\/\\\/wcspltd.co.uk\\\/product\\\/half-shell-queen-scallops-3\\\/#primaryimage\"},\"image\":{\"@id\":\"https:\\\/\\\/wcspltd.co.uk\\\/product\\\/half-shell-queen-scallops-3\\\/#primaryimage\"},\"thumbnailUrl\":\"https:\\\/\\\/wcspltd.co.uk\\\/wp-content\\\/uploads\\\/2020\\\/11\\\/half-shell-queens.jpg\",\"datePublished\":\"2023-07-11T13:19:13+00:00\",\"dateModified\":\"2025-07-16T12:17:54+00:00\",\"description\":\"Buy Half Shell Queen Scallops From The West Coast Sea Products Online Store. Delivery &amp; Collection\",\"breadcrumb\":{\"@id\":\"https:\\\/\\\/wcspltd.co.uk\\\/product\\\/half-shell-queen-scallops-3\\\/#breadcrumb\"},\"inLanguage\":\"fr-FR\",\"potentialAction\":[{\"@type\":\"ReadAction\",\"target\":[\"https:\\\/\\\/wcspltd.co.uk\\\/product\\\/half-shell-queen-scallops-3\\\/\"]}]},{\"@type\":\"ImageObject\",\"inLanguage\":\"fr-FR\",\"@id\":\"https:\\\/\\\/wcspltd.co.uk\\\/product\\\/half-shell-queen-scallops-3\\\/#primaryimage\",\"url\":\"https:\\\/\\\/wcspltd.co.uk\\\/wp-content\\\/uploads\\\/2020\\\/11\\\/half-shell-queens.jpg\",\"contentUrl\":\"https:\\\/\\\/wcspltd.co.uk\\\/wp-content\\\/uploads\\\/2020\\\/11\\\/half-shell-queens.jpg\",\"width\":1920,\"height\":1354},{\"@type\":\"BreadcrumbList\",\"@id\":\"https:\\\/\\\/wcspltd.co.uk\\\/product\\\/half-shell-queen-scallops-3\\\/#breadcrumb\",\"itemListElement\":[{\"@type\":\"ListItem\",\"position\":1,\"name\":\"Home\",\"item\":\"https:\\\/\\\/wcspltd.co.uk\\\/\"},{\"@type\":\"ListItem\",\"position\":2,\"name\":\"Local Shop\",\"item\":\"https:\\\/\\\/wcspltd.co.uk\\\/shop\\\/\"},{\"@type\":\"ListItem\",\"position\":3,\"name\":\"Half Shell Queen Scallops\"}]},{\"@type\":\"WebSite\",\"@id\":\"https:\\\/\\\/wcspltd.co.uk\\\/#website\",\"url\":\"https:\\\/\\\/wcspltd.co.uk\\\/\",\"name\":\"West Coast Sea Products Ltd - Wholesale Shellfish Suppliers\",\"description\":\"\",\"potentialAction\":[{\"@type\":\"SearchAction\",\"target\":{\"@type\":\"EntryPoint\",\"urlTemplate\":\"https:\\\/\\\/wcspltd.co.uk\\\/?s={search_term_string}\"},\"query-input\":{\"@type\":\"PropertyValueSpecification\",\"valueRequired\":true,\"valueName\":\"search_term_string\"}}],\"inLanguage\":\"fr-FR\"}]}<\/script>\n<!-- \/ Yoast SEO plugin. -->","yoast_head_json":{"title":"Buy Half Shell Queen Scallops Online | Delivery &amp; Collection","description":"Buy Half Shell Queen Scallops From The West Coast Sea Products Online Store. Delivery &amp; Collection","robots":{"index":"index","follow":"follow","max-snippet":"max-snippet:-1","max-image-preview":"max-image-preview:large","max-video-preview":"max-video-preview:-1"},"canonical":"https:\/\/wcspltd.co.uk\/fr\/produit\/half-shell-queen-scallops-3\/","og_locale":"fr_FR","og_type":"article","og_title":"Buy Half Shell Queen Scallops Online | Delivery &amp; Collection","og_description":"Buy Half Shell Queen Scallops From The West Coast Sea Products Online Store. Delivery &amp; Collection","og_url":"https:\/\/wcspltd.co.uk\/fr\/produit\/half-shell-queen-scallops-3\/","og_site_name":"West Coast Sea Products Ltd - Wholesale Shellfish Suppliers","article_modified_time":"2025-07-16T12:17:54+00:00","og_image":[{"width":1920,"height":1354,"url":"https:\/\/wcspltd.co.uk\/wp-content\/uploads\/2020\/11\/half-shell-queens.jpg","type":"image\/jpeg"}],"twitter_card":"summary_large_image","twitter_misc":{"Dur\u00e9e de lecture estim\u00e9e":"1 minute"},"schema":{"@context":"https:\/\/schema.org","@graph":[{"@type":"WebPage","@id":"https:\/\/wcspltd.co.uk\/product\/half-shell-queen-scallops-3\/","url":"https:\/\/wcspltd.co.uk\/product\/half-shell-queen-scallops-3\/","name":"Buy Half Shell Queen Scallops Online | Delivery &amp; Collection","isPartOf":{"@id":"https:\/\/wcspltd.co.uk\/#website"},"primaryImageOfPage":{"@id":"https:\/\/wcspltd.co.uk\/product\/half-shell-queen-scallops-3\/#primaryimage"},"image":{"@id":"https:\/\/wcspltd.co.uk\/product\/half-shell-queen-scallops-3\/#primaryimage"},"thumbnailUrl":"https:\/\/wcspltd.co.uk\/wp-content\/uploads\/2020\/11\/half-shell-queens.jpg","datePublished":"2023-07-11T13:19:13+00:00","dateModified":"2025-07-16T12:17:54+00:00","description":"Buy Half Shell Queen Scallops From The West Coast Sea Products Online Store. Delivery &amp; Collection","breadcrumb":{"@id":"https:\/\/wcspltd.co.uk\/product\/half-shell-queen-scallops-3\/#breadcrumb"},"inLanguage":"fr-FR","potentialAction":[{"@type":"ReadAction","target":["https:\/\/wcspltd.co.uk\/product\/half-shell-queen-scallops-3\/"]}]},{"@type":"ImageObject","inLanguage":"fr-FR","@id":"https:\/\/wcspltd.co.uk\/product\/half-shell-queen-scallops-3\/#primaryimage","url":"https:\/\/wcspltd.co.uk\/wp-content\/uploads\/2020\/11\/half-shell-queens.jpg","contentUrl":"https:\/\/wcspltd.co.uk\/wp-content\/uploads\/2020\/11\/half-shell-queens.jpg","width":1920,"height":1354},{"@type":"BreadcrumbList","@id":"https:\/\/wcspltd.co.uk\/product\/half-shell-queen-scallops-3\/#breadcrumb","itemListElement":[{"@type":"ListItem","position":1,"name":"Home","item":"https:\/\/wcspltd.co.uk\/"},{"@type":"ListItem","position":2,"name":"Local Shop","item":"https:\/\/wcspltd.co.uk\/shop\/"},{"@type":"ListItem","position":3,"name":"Half Shell Queen Scallops"}]},{"@type":"WebSite","@id":"https:\/\/wcspltd.co.uk\/#website","url":"https:\/\/wcspltd.co.uk\/","name":"West Coast Sea Products Ltd - Fournisseurs de mollusques et crustac\u00e9s en gros","description":"","potentialAction":[{"@type":"SearchAction","target":{"@type":"EntryPoint","urlTemplate":"https:\/\/wcspltd.co.uk\/?s={search_term_string}"},"query-input":{"@type":"PropertyValueSpecification","valueRequired":true,"valueName":"search_term_string"}}],"inLanguage":"fr-FR"}]}},"jetpack_sharing_enabled":true,"_links":{"self":[{"href":"https:\/\/wcspltd.co.uk\/fr\/wp-json\/wp\/v2\/product\/13387","targetHints":{"allow":["GET"]}}],"collection":[{"href":"https:\/\/wcspltd.co.uk\/fr\/wp-json\/wp\/v2\/product"}],"about":[{"href":"https:\/\/wcspltd.co.uk\/fr\/wp-json\/wp\/v2\/types\/product"}],"wp:featuredmedia":[{"embeddable":true,"href":"https:\/\/wcspltd.co.uk\/fr\/wp-json\/wp\/v2\/media\/8197"}],"wp:attachment":[{"href":"https:\/\/wcspltd.co.uk\/fr\/wp-json\/wp\/v2\/media?parent=13387"}],"wp:term":[{"taxonomy":"brand","embeddable":true,"href":"https:\/\/wcspltd.co.uk\/fr\/wp-json\/wp\/v2\/etheme_brands?post=13387"},{"taxonomy":"product_brand","embeddable":true,"href":"https:\/\/wcspltd.co.uk\/fr\/wp-json\/wp\/v2\/product_brand?post=13387"},{"taxonomy":"product_cat","embeddable":true,"href":"https:\/\/wcspltd.co.uk\/fr\/wp-json\/wp\/v2\/product_cat?post=13387"},{"taxonomy":"product_tag","embeddable":true,"href":"https:\/\/wcspltd.co.uk\/fr\/wp-json\/wp\/v2\/product_tag?post=13387"}],"curies":[{"name":"wp","href":"https:\/\/api.w.org\/{rel}","templated":true}]}}