
{"id":7526,"date":"2020-11-24T09:02:12","date_gmt":"2020-11-24T09:02:12","guid":{"rendered":"https:\/\/wcspltd.co.uk\/?post_type=product&#038;p=7526"},"modified":"2025-07-16T12:17:16","modified_gmt":"2025-07-16T12:17:16","slug":"whole-king-scallops","status":"publish","type":"product","link":"https:\/\/wcspltd.co.uk\/fr\/produit\/whole-king-scallops\/","title":{"rendered":"P\u00e9toncles royaux entiers"},"content":{"rendered":"<p>Sauvage captur\u00e9 dans les eaux britanniques et transform\u00e9 \u00e0 Kirkcudbright.<\/p>\n<p>Nous vendons nos p\u00e9toncles \u00e0 la pi\u00e8ce plut\u00f4t qu&#039;au kilo. Le produit n&#039;est pas touch\u00e9 et peut souvent transporter du sable dans la coque, de sorte que la vente \u00e0 la pi\u00e8ce plut\u00f4t qu&#039;au poids est plus avantageuse pour le client.<\/p>\n<p>Les p\u00e9toncles entiers sont parfaits pour les clients qui pr\u00e9f\u00e8rent pr\u00e9parer eux-m\u00eames leurs p\u00e9toncles et qui ne craignent pas un peu de travail suppl\u00e9mentaire. Ils peuvent \u00e9galement \u00eatre cuits entiers et avec la jupe sur laquelle beaucoup sont pr\u00e9f\u00e9r\u00e9s.<\/p>\n<p>Les p\u00e9toncles ont tendance \u00e0 rester vivants pendant un maximum de 24 heures \u00e0 partir du moment o\u00f9 ils sortent de l&#039;eau. Nous ne pouvons pas garantir qu&#039;ils seront toujours vivants lorsqu&#039;ils atteindront le client car il faut du temps au bateau pour atteindre la terre, emballer et transporter les commandes. Ne laissez pas cela vous d\u00e9courager car les p\u00e9toncles restent tr\u00e8s frais sur la glace et seront donc d&#039;une grande qualit\u00e9 lorsqu&#039;ils vous atteindront.<\/p>\n<p>Nous p\u00eachons dans diff\u00e9rentes zones \u00e0 diff\u00e9rents moments de l&#039;ann\u00e9e, ce qui signifie que la taille des p\u00e9toncles diff\u00e8re.<\/p>","protected":false},"excerpt":{"rendered":"<p>Wild caught in UK waters and processed in Kirkcudbright. We sell our scallops by the piece rather than by the kilo. The product is untouched&#8230;<\/p>","protected":false},"featured_media":7528,"template":"","meta":{"rs_blank_template":"","rs_page_bg_color":"","slide_template_v7":""},"etheme_brands":[],"product_brand":[],"product_cat":[27,175,112,104],"product_tag":[],"class_list":{"0":"post-7526","1":"product","2":"type-product","3":"status-publish","4":"has-post-thumbnail","6":"product_cat-all","7":"product_cat-online-shop","8":"product_cat-scallops","9":"product_cat-shellfish","11":"first","12":"instock","13":"shipping-taxable","14":"purchasable","15":"product-type-simple"},"yoast_head":"<!-- This site is optimized with the Yoast SEO plugin v27.4 - https:\/\/yoast.com\/product\/yoast-seo-wordpress\/ -->\n<title>Buy Whole King Scallops Online | Delivery &amp; Collection<\/title>\n<meta name=\"description\" content=\"Buy Whole King Scallops Online From The West Coast Sea Products Online Store. Delivery &amp; Collection\" \/>\n<meta name=\"robots\" content=\"index, follow, max-snippet:-1, max-image-preview:large, max-video-preview:-1\" \/>\n<link rel=\"canonical\" href=\"https:\/\/wcspltd.co.uk\/fr\/produit\/whole-king-scallops\/\" \/>\n<meta property=\"og:locale\" content=\"fr_FR\" \/>\n<meta property=\"og:type\" content=\"article\" \/>\n<meta property=\"og:title\" content=\"Buy Whole King Scallops Online | Delivery &amp; Collection\" \/>\n<meta property=\"og:description\" content=\"Buy Whole King Scallops Online From The West Coast Sea Products Online Store. Delivery &amp; Collection\" \/>\n<meta property=\"og:url\" content=\"https:\/\/wcspltd.co.uk\/fr\/produit\/whole-king-scallops\/\" \/>\n<meta property=\"og:site_name\" content=\"West Coast Sea Products Ltd - Wholesale Shellfish Suppliers\" \/>\n<meta property=\"article:modified_time\" content=\"2025-07-16T12:17:16+00:00\" \/>\n<meta property=\"og:image\" content=\"https:\/\/wcspltd.co.uk\/wp-content\/uploads\/2020\/11\/kings-whole1.jpg\" \/>\n\t<meta property=\"og:image:width\" content=\"960\" \/>\n\t<meta property=\"og:image:height\" content=\"465\" \/>\n\t<meta property=\"og:image:type\" content=\"image\/jpeg\" \/>\n<meta name=\"twitter:card\" content=\"summary_large_image\" \/>\n<meta name=\"twitter:label1\" content=\"Dur\u00e9e de lecture estim\u00e9e\" \/>\n\t<meta name=\"twitter:data1\" content=\"1 minute\" \/>\n<script type=\"application\/ld+json\" class=\"yoast-schema-graph\">{\"@context\":\"https:\\\/\\\/schema.org\",\"@graph\":[{\"@type\":\"WebPage\",\"@id\":\"https:\\\/\\\/wcspltd.co.uk\\\/product\\\/whole-king-scallops\\\/\",\"url\":\"https:\\\/\\\/wcspltd.co.uk\\\/product\\\/whole-king-scallops\\\/\",\"name\":\"Buy Whole King Scallops Online | Delivery &amp; Collection\",\"isPartOf\":{\"@id\":\"https:\\\/\\\/wcspltd.co.uk\\\/#website\"},\"primaryImageOfPage\":{\"@id\":\"https:\\\/\\\/wcspltd.co.uk\\\/product\\\/whole-king-scallops\\\/#primaryimage\"},\"image\":{\"@id\":\"https:\\\/\\\/wcspltd.co.uk\\\/product\\\/whole-king-scallops\\\/#primaryimage\"},\"thumbnailUrl\":\"https:\\\/\\\/wcspltd.co.uk\\\/wp-content\\\/uploads\\\/2020\\\/11\\\/kings-whole1.jpg\",\"datePublished\":\"2020-11-24T09:02:12+00:00\",\"dateModified\":\"2025-07-16T12:17:16+00:00\",\"description\":\"Buy Whole King Scallops Online From The West Coast Sea Products Online Store. Delivery &amp; Collection\",\"breadcrumb\":{\"@id\":\"https:\\\/\\\/wcspltd.co.uk\\\/product\\\/whole-king-scallops\\\/#breadcrumb\"},\"inLanguage\":\"fr-FR\",\"potentialAction\":[{\"@type\":\"ReadAction\",\"target\":[\"https:\\\/\\\/wcspltd.co.uk\\\/product\\\/whole-king-scallops\\\/\"]}]},{\"@type\":\"ImageObject\",\"inLanguage\":\"fr-FR\",\"@id\":\"https:\\\/\\\/wcspltd.co.uk\\\/product\\\/whole-king-scallops\\\/#primaryimage\",\"url\":\"https:\\\/\\\/wcspltd.co.uk\\\/wp-content\\\/uploads\\\/2020\\\/11\\\/kings-whole1.jpg\",\"contentUrl\":\"https:\\\/\\\/wcspltd.co.uk\\\/wp-content\\\/uploads\\\/2020\\\/11\\\/kings-whole1.jpg\",\"width\":960,\"height\":465},{\"@type\":\"BreadcrumbList\",\"@id\":\"https:\\\/\\\/wcspltd.co.uk\\\/product\\\/whole-king-scallops\\\/#breadcrumb\",\"itemListElement\":[{\"@type\":\"ListItem\",\"position\":1,\"name\":\"Home\",\"item\":\"https:\\\/\\\/wcspltd.co.uk\\\/\"},{\"@type\":\"ListItem\",\"position\":2,\"name\":\"Local Shop\",\"item\":\"https:\\\/\\\/wcspltd.co.uk\\\/shop\\\/\"},{\"@type\":\"ListItem\",\"position\":3,\"name\":\"Whole King Scallops\"}]},{\"@type\":\"WebSite\",\"@id\":\"https:\\\/\\\/wcspltd.co.uk\\\/#website\",\"url\":\"https:\\\/\\\/wcspltd.co.uk\\\/\",\"name\":\"West Coast Sea Products Ltd - Wholesale Shellfish Suppliers\",\"description\":\"\",\"potentialAction\":[{\"@type\":\"SearchAction\",\"target\":{\"@type\":\"EntryPoint\",\"urlTemplate\":\"https:\\\/\\\/wcspltd.co.uk\\\/?s={search_term_string}\"},\"query-input\":{\"@type\":\"PropertyValueSpecification\",\"valueRequired\":true,\"valueName\":\"search_term_string\"}}],\"inLanguage\":\"fr-FR\"}]}<\/script>\n<!-- \/ Yoast SEO plugin. -->","yoast_head_json":{"title":"Buy Whole King Scallops Online | Delivery &amp; Collection","description":"Buy Whole King Scallops Online From The West Coast Sea Products Online Store. Delivery &amp; Collection","robots":{"index":"index","follow":"follow","max-snippet":"max-snippet:-1","max-image-preview":"max-image-preview:large","max-video-preview":"max-video-preview:-1"},"canonical":"https:\/\/wcspltd.co.uk\/fr\/produit\/whole-king-scallops\/","og_locale":"fr_FR","og_type":"article","og_title":"Buy Whole King Scallops Online | Delivery &amp; Collection","og_description":"Buy Whole King Scallops Online From The West Coast Sea Products Online Store. Delivery &amp; Collection","og_url":"https:\/\/wcspltd.co.uk\/fr\/produit\/whole-king-scallops\/","og_site_name":"West Coast Sea Products Ltd - Wholesale Shellfish Suppliers","article_modified_time":"2025-07-16T12:17:16+00:00","og_image":[{"width":960,"height":465,"url":"https:\/\/wcspltd.co.uk\/wp-content\/uploads\/2020\/11\/kings-whole1.jpg","type":"image\/jpeg"}],"twitter_card":"summary_large_image","twitter_misc":{"Dur\u00e9e de lecture estim\u00e9e":"1 minute"},"schema":{"@context":"https:\/\/schema.org","@graph":[{"@type":"WebPage","@id":"https:\/\/wcspltd.co.uk\/product\/whole-king-scallops\/","url":"https:\/\/wcspltd.co.uk\/product\/whole-king-scallops\/","name":"Buy Whole King Scallops Online | Delivery &amp; Collection","isPartOf":{"@id":"https:\/\/wcspltd.co.uk\/#website"},"primaryImageOfPage":{"@id":"https:\/\/wcspltd.co.uk\/product\/whole-king-scallops\/#primaryimage"},"image":{"@id":"https:\/\/wcspltd.co.uk\/product\/whole-king-scallops\/#primaryimage"},"thumbnailUrl":"https:\/\/wcspltd.co.uk\/wp-content\/uploads\/2020\/11\/kings-whole1.jpg","datePublished":"2020-11-24T09:02:12+00:00","dateModified":"2025-07-16T12:17:16+00:00","description":"Buy Whole King Scallops Online From The West Coast Sea Products Online Store. Delivery &amp; Collection","breadcrumb":{"@id":"https:\/\/wcspltd.co.uk\/product\/whole-king-scallops\/#breadcrumb"},"inLanguage":"fr-FR","potentialAction":[{"@type":"ReadAction","target":["https:\/\/wcspltd.co.uk\/product\/whole-king-scallops\/"]}]},{"@type":"ImageObject","inLanguage":"fr-FR","@id":"https:\/\/wcspltd.co.uk\/product\/whole-king-scallops\/#primaryimage","url":"https:\/\/wcspltd.co.uk\/wp-content\/uploads\/2020\/11\/kings-whole1.jpg","contentUrl":"https:\/\/wcspltd.co.uk\/wp-content\/uploads\/2020\/11\/kings-whole1.jpg","width":960,"height":465},{"@type":"BreadcrumbList","@id":"https:\/\/wcspltd.co.uk\/product\/whole-king-scallops\/#breadcrumb","itemListElement":[{"@type":"ListItem","position":1,"name":"Home","item":"https:\/\/wcspltd.co.uk\/"},{"@type":"ListItem","position":2,"name":"Local Shop","item":"https:\/\/wcspltd.co.uk\/shop\/"},{"@type":"ListItem","position":3,"name":"Whole King Scallops"}]},{"@type":"WebSite","@id":"https:\/\/wcspltd.co.uk\/#website","url":"https:\/\/wcspltd.co.uk\/","name":"West Coast Sea Products Ltd - Fournisseurs de mollusques et crustac\u00e9s en gros","description":"","potentialAction":[{"@type":"SearchAction","target":{"@type":"EntryPoint","urlTemplate":"https:\/\/wcspltd.co.uk\/?s={search_term_string}"},"query-input":{"@type":"PropertyValueSpecification","valueRequired":true,"valueName":"search_term_string"}}],"inLanguage":"fr-FR"}]}},"jetpack_sharing_enabled":true,"_links":{"self":[{"href":"https:\/\/wcspltd.co.uk\/fr\/wp-json\/wp\/v2\/product\/7526","targetHints":{"allow":["GET"]}}],"collection":[{"href":"https:\/\/wcspltd.co.uk\/fr\/wp-json\/wp\/v2\/product"}],"about":[{"href":"https:\/\/wcspltd.co.uk\/fr\/wp-json\/wp\/v2\/types\/product"}],"wp:featuredmedia":[{"embeddable":true,"href":"https:\/\/wcspltd.co.uk\/fr\/wp-json\/wp\/v2\/media\/7528"}],"wp:attachment":[{"href":"https:\/\/wcspltd.co.uk\/fr\/wp-json\/wp\/v2\/media?parent=7526"}],"wp:term":[{"taxonomy":"brand","embeddable":true,"href":"https:\/\/wcspltd.co.uk\/fr\/wp-json\/wp\/v2\/etheme_brands?post=7526"},{"taxonomy":"product_brand","embeddable":true,"href":"https:\/\/wcspltd.co.uk\/fr\/wp-json\/wp\/v2\/product_brand?post=7526"},{"taxonomy":"product_cat","embeddable":true,"href":"https:\/\/wcspltd.co.uk\/fr\/wp-json\/wp\/v2\/product_cat?post=7526"},{"taxonomy":"product_tag","embeddable":true,"href":"https:\/\/wcspltd.co.uk\/fr\/wp-json\/wp\/v2\/product_tag?post=7526"}],"curies":[{"name":"wp","href":"https:\/\/api.w.org\/{rel}","templated":true}]}}