
{"id":7532,"date":"2020-11-24T09:12:21","date_gmt":"2020-11-24T09:12:21","guid":{"rendered":"https:\/\/wcspltd.co.uk\/?post_type=product&#038;p=7532"},"modified":"2025-07-16T12:17:16","modified_gmt":"2025-07-16T12:17:16","slug":"half-shell-king-scallops","status":"publish","type":"product","link":"https:\/\/wcspltd.co.uk\/fr\/produit\/half-shell-king-scallops\/","title":{"rendered":"Demi-coquille Saint-Jacques"},"content":{"rendered":"<p>Sauvage captur\u00e9 dans les eaux britanniques et transform\u00e9 \u00e0 Kirkcudbright.<\/p>\n<p>Servir dans la demi-coquille donne un d\u00eener impressionnant. Si vous h\u00e9bergez, vous \u00eates assur\u00e9 d&#039;\u00e9pater vos invit\u00e9s avec des p\u00e9toncles roi ou reine dans la demi-coquille.<\/p>\n<p>Il est pr\u00e9f\u00e9rable de les cuire en ajoutant simplement votre sauce aux p\u00e9toncles et en les grillant ou en les faisant sauter sur un barbecue. Ils prendront 2 minutes \u00e0 feu vif pour cuire.<\/p>\n<p>Il vous restera les belles coquilles qui peuvent \u00eatre r\u00e9utilis\u00e9es pour de futurs d\u00eeners ou r\u00e9utilis\u00e9es comme d\u00e9corations.<\/p>","protected":false},"excerpt":{"rendered":"<p>Wild caught in UK waters and processed in Kirkcudbright. Serving in the half shell makes an impressive looking dinner. If you are hosting, then you&#8230;<\/p>","protected":false},"featured_media":14003,"template":"","meta":{"rs_blank_template":"","rs_page_bg_color":"","slide_template_v7":""},"etheme_brands":[],"product_brand":[],"product_cat":[27,175,112,104],"product_tag":[],"class_list":{"0":"post-7532","1":"product","2":"type-product","3":"status-publish","4":"has-post-thumbnail","6":"product_cat-all","7":"product_cat-online-shop","8":"product_cat-scallops","9":"product_cat-shellfish","11":"first","12":"instock","13":"shipping-taxable","14":"purchasable","15":"product-type-simple"},"yoast_head":"<!-- This site is optimized with the Yoast SEO plugin v27.4 - https:\/\/yoast.com\/product\/yoast-seo-wordpress\/ -->\n<title>Buy Half Shell King Scallops | Delivery &amp; Collection<\/title>\n<meta name=\"description\" content=\"Buy Half Shell King Scallops From The West Coast Sea Products Online Store. Delivery &amp; Collection\" \/>\n<meta name=\"robots\" content=\"index, follow, max-snippet:-1, max-image-preview:large, max-video-preview:-1\" \/>\n<link rel=\"canonical\" href=\"https:\/\/wcspltd.co.uk\/fr\/produit\/half-shell-king-scallops\/\" \/>\n<meta property=\"og:locale\" content=\"fr_FR\" \/>\n<meta property=\"og:type\" content=\"article\" \/>\n<meta property=\"og:title\" content=\"Buy Half Shell King Scallops | Delivery &amp; Collection\" \/>\n<meta property=\"og:description\" content=\"Buy Half Shell King Scallops From The West Coast Sea Products Online Store. Delivery &amp; Collection\" \/>\n<meta property=\"og:url\" content=\"https:\/\/wcspltd.co.uk\/fr\/produit\/half-shell-king-scallops\/\" \/>\n<meta property=\"og:site_name\" content=\"West Coast Sea Products Ltd - Wholesale Shellfish Suppliers\" \/>\n<meta property=\"article:modified_time\" content=\"2025-07-16T12:17:16+00:00\" \/>\n<meta property=\"og:image\" content=\"https:\/\/wcspltd.co.uk\/wp-content\/uploads\/2020\/11\/half-shell-kings.png\" \/>\n\t<meta property=\"og:image:width\" content=\"1080\" \/>\n\t<meta property=\"og:image:height\" content=\"1080\" \/>\n\t<meta property=\"og:image:type\" content=\"image\/png\" \/>\n<meta name=\"twitter:card\" content=\"summary_large_image\" \/>\n<meta name=\"twitter:label1\" content=\"Dur\u00e9e de lecture estim\u00e9e\" \/>\n\t<meta name=\"twitter:data1\" content=\"1 minute\" \/>\n<script type=\"application\/ld+json\" class=\"yoast-schema-graph\">{\"@context\":\"https:\\\/\\\/schema.org\",\"@graph\":[{\"@type\":\"WebPage\",\"@id\":\"https:\\\/\\\/wcspltd.co.uk\\\/product\\\/half-shell-king-scallops\\\/\",\"url\":\"https:\\\/\\\/wcspltd.co.uk\\\/product\\\/half-shell-king-scallops\\\/\",\"name\":\"Buy Half Shell King Scallops | Delivery &amp; Collection\",\"isPartOf\":{\"@id\":\"https:\\\/\\\/wcspltd.co.uk\\\/#website\"},\"primaryImageOfPage\":{\"@id\":\"https:\\\/\\\/wcspltd.co.uk\\\/product\\\/half-shell-king-scallops\\\/#primaryimage\"},\"image\":{\"@id\":\"https:\\\/\\\/wcspltd.co.uk\\\/product\\\/half-shell-king-scallops\\\/#primaryimage\"},\"thumbnailUrl\":\"https:\\\/\\\/wcspltd.co.uk\\\/wp-content\\\/uploads\\\/2020\\\/11\\\/half-shell-kings.png\",\"datePublished\":\"2020-11-24T09:12:21+00:00\",\"dateModified\":\"2025-07-16T12:17:16+00:00\",\"description\":\"Buy Half Shell King Scallops From The West Coast Sea Products Online Store. Delivery &amp; Collection\",\"breadcrumb\":{\"@id\":\"https:\\\/\\\/wcspltd.co.uk\\\/product\\\/half-shell-king-scallops\\\/#breadcrumb\"},\"inLanguage\":\"fr-FR\",\"potentialAction\":[{\"@type\":\"ReadAction\",\"target\":[\"https:\\\/\\\/wcspltd.co.uk\\\/product\\\/half-shell-king-scallops\\\/\"]}]},{\"@type\":\"ImageObject\",\"inLanguage\":\"fr-FR\",\"@id\":\"https:\\\/\\\/wcspltd.co.uk\\\/product\\\/half-shell-king-scallops\\\/#primaryimage\",\"url\":\"https:\\\/\\\/wcspltd.co.uk\\\/wp-content\\\/uploads\\\/2020\\\/11\\\/half-shell-kings.png\",\"contentUrl\":\"https:\\\/\\\/wcspltd.co.uk\\\/wp-content\\\/uploads\\\/2020\\\/11\\\/half-shell-kings.png\",\"width\":1080,\"height\":1080},{\"@type\":\"BreadcrumbList\",\"@id\":\"https:\\\/\\\/wcspltd.co.uk\\\/product\\\/half-shell-king-scallops\\\/#breadcrumb\",\"itemListElement\":[{\"@type\":\"ListItem\",\"position\":1,\"name\":\"Home\",\"item\":\"https:\\\/\\\/wcspltd.co.uk\\\/\"},{\"@type\":\"ListItem\",\"position\":2,\"name\":\"Local Shop\",\"item\":\"https:\\\/\\\/wcspltd.co.uk\\\/shop\\\/\"},{\"@type\":\"ListItem\",\"position\":3,\"name\":\"Half Shell King Scallops\"}]},{\"@type\":\"WebSite\",\"@id\":\"https:\\\/\\\/wcspltd.co.uk\\\/#website\",\"url\":\"https:\\\/\\\/wcspltd.co.uk\\\/\",\"name\":\"West Coast Sea Products Ltd - Wholesale Shellfish Suppliers\",\"description\":\"\",\"potentialAction\":[{\"@type\":\"SearchAction\",\"target\":{\"@type\":\"EntryPoint\",\"urlTemplate\":\"https:\\\/\\\/wcspltd.co.uk\\\/?s={search_term_string}\"},\"query-input\":{\"@type\":\"PropertyValueSpecification\",\"valueRequired\":true,\"valueName\":\"search_term_string\"}}],\"inLanguage\":\"fr-FR\"}]}<\/script>\n<!-- \/ Yoast SEO plugin. -->","yoast_head_json":{"title":"Buy Half Shell King Scallops | Delivery &amp; Collection","description":"Buy Half Shell King Scallops From The West Coast Sea Products Online Store. Delivery &amp; Collection","robots":{"index":"index","follow":"follow","max-snippet":"max-snippet:-1","max-image-preview":"max-image-preview:large","max-video-preview":"max-video-preview:-1"},"canonical":"https:\/\/wcspltd.co.uk\/fr\/produit\/half-shell-king-scallops\/","og_locale":"fr_FR","og_type":"article","og_title":"Buy Half Shell King Scallops | Delivery &amp; Collection","og_description":"Buy Half Shell King Scallops From The West Coast Sea Products Online Store. Delivery &amp; Collection","og_url":"https:\/\/wcspltd.co.uk\/fr\/produit\/half-shell-king-scallops\/","og_site_name":"West Coast Sea Products Ltd - Wholesale Shellfish Suppliers","article_modified_time":"2025-07-16T12:17:16+00:00","og_image":[{"width":1080,"height":1080,"url":"https:\/\/wcspltd.co.uk\/wp-content\/uploads\/2020\/11\/half-shell-kings.png","type":"image\/png"}],"twitter_card":"summary_large_image","twitter_misc":{"Dur\u00e9e de lecture estim\u00e9e":"1 minute"},"schema":{"@context":"https:\/\/schema.org","@graph":[{"@type":"WebPage","@id":"https:\/\/wcspltd.co.uk\/product\/half-shell-king-scallops\/","url":"https:\/\/wcspltd.co.uk\/product\/half-shell-king-scallops\/","name":"Buy Half Shell King Scallops | Delivery &amp; Collection","isPartOf":{"@id":"https:\/\/wcspltd.co.uk\/#website"},"primaryImageOfPage":{"@id":"https:\/\/wcspltd.co.uk\/product\/half-shell-king-scallops\/#primaryimage"},"image":{"@id":"https:\/\/wcspltd.co.uk\/product\/half-shell-king-scallops\/#primaryimage"},"thumbnailUrl":"https:\/\/wcspltd.co.uk\/wp-content\/uploads\/2020\/11\/half-shell-kings.png","datePublished":"2020-11-24T09:12:21+00:00","dateModified":"2025-07-16T12:17:16+00:00","description":"Buy Half Shell King Scallops From The West Coast Sea Products Online Store. Delivery &amp; Collection","breadcrumb":{"@id":"https:\/\/wcspltd.co.uk\/product\/half-shell-king-scallops\/#breadcrumb"},"inLanguage":"fr-FR","potentialAction":[{"@type":"ReadAction","target":["https:\/\/wcspltd.co.uk\/product\/half-shell-king-scallops\/"]}]},{"@type":"ImageObject","inLanguage":"fr-FR","@id":"https:\/\/wcspltd.co.uk\/product\/half-shell-king-scallops\/#primaryimage","url":"https:\/\/wcspltd.co.uk\/wp-content\/uploads\/2020\/11\/half-shell-kings.png","contentUrl":"https:\/\/wcspltd.co.uk\/wp-content\/uploads\/2020\/11\/half-shell-kings.png","width":1080,"height":1080},{"@type":"BreadcrumbList","@id":"https:\/\/wcspltd.co.uk\/product\/half-shell-king-scallops\/#breadcrumb","itemListElement":[{"@type":"ListItem","position":1,"name":"Home","item":"https:\/\/wcspltd.co.uk\/"},{"@type":"ListItem","position":2,"name":"Local Shop","item":"https:\/\/wcspltd.co.uk\/shop\/"},{"@type":"ListItem","position":3,"name":"Half Shell King Scallops"}]},{"@type":"WebSite","@id":"https:\/\/wcspltd.co.uk\/#website","url":"https:\/\/wcspltd.co.uk\/","name":"West Coast Sea Products Ltd - Fournisseurs de mollusques et crustac\u00e9s en gros","description":"","potentialAction":[{"@type":"SearchAction","target":{"@type":"EntryPoint","urlTemplate":"https:\/\/wcspltd.co.uk\/?s={search_term_string}"},"query-input":{"@type":"PropertyValueSpecification","valueRequired":true,"valueName":"search_term_string"}}],"inLanguage":"fr-FR"}]}},"jetpack_sharing_enabled":true,"_links":{"self":[{"href":"https:\/\/wcspltd.co.uk\/fr\/wp-json\/wp\/v2\/product\/7532","targetHints":{"allow":["GET"]}}],"collection":[{"href":"https:\/\/wcspltd.co.uk\/fr\/wp-json\/wp\/v2\/product"}],"about":[{"href":"https:\/\/wcspltd.co.uk\/fr\/wp-json\/wp\/v2\/types\/product"}],"wp:featuredmedia":[{"embeddable":true,"href":"https:\/\/wcspltd.co.uk\/fr\/wp-json\/wp\/v2\/media\/14003"}],"wp:attachment":[{"href":"https:\/\/wcspltd.co.uk\/fr\/wp-json\/wp\/v2\/media?parent=7532"}],"wp:term":[{"taxonomy":"brand","embeddable":true,"href":"https:\/\/wcspltd.co.uk\/fr\/wp-json\/wp\/v2\/etheme_brands?post=7532"},{"taxonomy":"product_brand","embeddable":true,"href":"https:\/\/wcspltd.co.uk\/fr\/wp-json\/wp\/v2\/product_brand?post=7532"},{"taxonomy":"product_cat","embeddable":true,"href":"https:\/\/wcspltd.co.uk\/fr\/wp-json\/wp\/v2\/product_cat?post=7532"},{"taxonomy":"product_tag","embeddable":true,"href":"https:\/\/wcspltd.co.uk\/fr\/wp-json\/wp\/v2\/product_tag?post=7532"}],"curies":[{"name":"wp","href":"https:\/\/api.w.org\/{rel}","templated":true}]}}