
{"id":7533,"date":"2020-11-24T09:36:58","date_gmt":"2020-11-24T09:36:58","guid":{"rendered":"https:\/\/wcspltd.co.uk\/?post_type=product&#038;p=7533"},"modified":"2026-01-06T15:26:21","modified_gmt":"2026-01-06T15:26:21","slug":"king-scallop-meat-roe-off","status":"publish","type":"product","link":"https:\/\/wcspltd.co.uk\/fr\/produit\/king-scallop-meat-roe-off\/","title":{"rendered":"Viande de p\u00e9toncle royal - Roe Off"},"content":{"rendered":"<p>La viande de p\u00e9toncle royal conservera son go\u00fbt et son odeur frais pendant 3 \u00e0 4 jours, bien que nous vous recommandons de la manger dans les 2 premiers jours pour une saveur ultime. Ils g\u00e8lent \u00e9galement tr\u00e8s bien et conservent leur qualit\u00e9 lorsqu&#039;ils sont d\u00e9congel\u00e9s lentement.<\/p>\n<p>Le prix des \u0153ufs de p\u00e9toncles est plus \u00e9lev\u00e9 que celui des \u0153ufs en raison de l&#039;augmentation du processus d&#039;\u00e9limination des \u0153ufs et de la proportion plus \u00e9lev\u00e9e de viande blanche.<\/p>\n<p>Les p\u00e9toncles royaux constituent un excellent plat principal. Nous recommandons 5-6 p\u00e9toncles pour un plat principal et 2-3 p\u00e9toncles pour une entr\u00e9e. Vous pouvez trouver des recettes sur notre page.<\/p>\n<p>250g tub \u2013 Approx 6 &#8211; 8<\/p>\n<p>500g tub \u2013 Approx 12 &#8211; 16<\/p>\n<p>1kg tub \u2013 Approx 24 &#8211; 32<\/p>\n<p>&nbsp;<\/p>","protected":false},"excerpt":{"rendered":"<p>King Scallop meat will retain their fresh taste and smell for 3-4 days although we recommend eating within the first 2 days for ultimate flavour&#8230;.<\/p>","protected":false},"featured_media":13913,"template":"","meta":{"rs_blank_template":"","rs_page_bg_color":"","slide_template_v7":""},"etheme_brands":[],"product_brand":[],"product_cat":[27,175,112,104],"product_tag":[],"class_list":{"0":"post-7533","1":"product","2":"type-product","3":"status-publish","4":"has-post-thumbnail","6":"product_cat-all","7":"product_cat-online-shop","8":"product_cat-scallops","9":"product_cat-shellfish","11":"first","12":"instock","13":"shipping-taxable","14":"purchasable","15":"product-type-variable"},"yoast_head":"<!-- This site is optimized with the Yoast SEO plugin v27.4 - https:\/\/yoast.com\/product\/yoast-seo-wordpress\/ -->\n<title>Buy King Scallop Meat - Roe Off |Delivery &amp; Collection<\/title>\n<meta name=\"description\" content=\"Buy King Scallop Meat - Roe Off From The West Coast Sea Products Online Store. Delivery &amp; Collection\" \/>\n<meta name=\"robots\" content=\"index, follow, max-snippet:-1, max-image-preview:large, max-video-preview:-1\" \/>\n<link rel=\"canonical\" href=\"https:\/\/wcspltd.co.uk\/fr\/produit\/king-scallop-meat-roe-off\/\" \/>\n<meta property=\"og:locale\" content=\"fr_FR\" \/>\n<meta property=\"og:type\" content=\"article\" \/>\n<meta property=\"og:title\" content=\"Buy King Scallop Meat - Roe Off |Delivery &amp; Collection\" \/>\n<meta property=\"og:description\" content=\"Buy King Scallop Meat - Roe Off From The West Coast Sea Products Online Store. Delivery &amp; Collection\" \/>\n<meta property=\"og:url\" content=\"https:\/\/wcspltd.co.uk\/fr\/produit\/king-scallop-meat-roe-off\/\" \/>\n<meta property=\"og:site_name\" content=\"West Coast Sea Products Ltd - Wholesale Shellfish Suppliers\" \/>\n<meta property=\"article:modified_time\" content=\"2026-01-06T15:26:21+00:00\" \/>\n<meta property=\"og:image\" content=\"https:\/\/wcspltd.co.uk\/wp-content\/uploads\/2020\/11\/kings-roe-off.png\" \/>\n\t<meta property=\"og:image:width\" content=\"1080\" \/>\n\t<meta property=\"og:image:height\" content=\"1080\" \/>\n\t<meta property=\"og:image:type\" content=\"image\/png\" \/>\n<meta name=\"twitter:card\" content=\"summary_large_image\" \/>\n<meta name=\"twitter:label1\" content=\"Dur\u00e9e de lecture estim\u00e9e\" \/>\n\t<meta name=\"twitter:data1\" content=\"1 minute\" \/>\n<script type=\"application\/ld+json\" class=\"yoast-schema-graph\">{\"@context\":\"https:\\\/\\\/schema.org\",\"@graph\":[{\"@type\":\"WebPage\",\"@id\":\"https:\\\/\\\/wcspltd.co.uk\\\/product\\\/king-scallop-meat-roe-off\\\/\",\"url\":\"https:\\\/\\\/wcspltd.co.uk\\\/product\\\/king-scallop-meat-roe-off\\\/\",\"name\":\"Buy King Scallop Meat - Roe Off |Delivery &amp; Collection\",\"isPartOf\":{\"@id\":\"https:\\\/\\\/wcspltd.co.uk\\\/#website\"},\"primaryImageOfPage\":{\"@id\":\"https:\\\/\\\/wcspltd.co.uk\\\/product\\\/king-scallop-meat-roe-off\\\/#primaryimage\"},\"image\":{\"@id\":\"https:\\\/\\\/wcspltd.co.uk\\\/product\\\/king-scallop-meat-roe-off\\\/#primaryimage\"},\"thumbnailUrl\":\"https:\\\/\\\/wcspltd.co.uk\\\/wp-content\\\/uploads\\\/2020\\\/11\\\/kings-roe-off.png\",\"datePublished\":\"2020-11-24T09:36:58+00:00\",\"dateModified\":\"2026-01-06T15:26:21+00:00\",\"description\":\"Buy King Scallop Meat - Roe Off From The West Coast Sea Products Online Store. Delivery &amp; Collection\",\"breadcrumb\":{\"@id\":\"https:\\\/\\\/wcspltd.co.uk\\\/product\\\/king-scallop-meat-roe-off\\\/#breadcrumb\"},\"inLanguage\":\"fr-FR\",\"potentialAction\":[{\"@type\":\"ReadAction\",\"target\":[\"https:\\\/\\\/wcspltd.co.uk\\\/product\\\/king-scallop-meat-roe-off\\\/\"]}]},{\"@type\":\"ImageObject\",\"inLanguage\":\"fr-FR\",\"@id\":\"https:\\\/\\\/wcspltd.co.uk\\\/product\\\/king-scallop-meat-roe-off\\\/#primaryimage\",\"url\":\"https:\\\/\\\/wcspltd.co.uk\\\/wp-content\\\/uploads\\\/2020\\\/11\\\/kings-roe-off.png\",\"contentUrl\":\"https:\\\/\\\/wcspltd.co.uk\\\/wp-content\\\/uploads\\\/2020\\\/11\\\/kings-roe-off.png\",\"width\":1080,\"height\":1080},{\"@type\":\"BreadcrumbList\",\"@id\":\"https:\\\/\\\/wcspltd.co.uk\\\/product\\\/king-scallop-meat-roe-off\\\/#breadcrumb\",\"itemListElement\":[{\"@type\":\"ListItem\",\"position\":1,\"name\":\"Home\",\"item\":\"https:\\\/\\\/wcspltd.co.uk\\\/\"},{\"@type\":\"ListItem\",\"position\":2,\"name\":\"Local Shop\",\"item\":\"https:\\\/\\\/wcspltd.co.uk\\\/shop\\\/\"},{\"@type\":\"ListItem\",\"position\":3,\"name\":\"King Scallop Meat &#8211; Roe Off\"}]},{\"@type\":\"WebSite\",\"@id\":\"https:\\\/\\\/wcspltd.co.uk\\\/#website\",\"url\":\"https:\\\/\\\/wcspltd.co.uk\\\/\",\"name\":\"West Coast Sea Products Ltd - Wholesale Shellfish Suppliers\",\"description\":\"\",\"potentialAction\":[{\"@type\":\"SearchAction\",\"target\":{\"@type\":\"EntryPoint\",\"urlTemplate\":\"https:\\\/\\\/wcspltd.co.uk\\\/?s={search_term_string}\"},\"query-input\":{\"@type\":\"PropertyValueSpecification\",\"valueRequired\":true,\"valueName\":\"search_term_string\"}}],\"inLanguage\":\"fr-FR\"}]}<\/script>\n<!-- \/ Yoast SEO plugin. -->","yoast_head_json":{"title":"Buy King Scallop Meat - Roe Off |Delivery &amp; Collection","description":"Buy King Scallop Meat - Roe Off From The West Coast Sea Products Online Store. Delivery &amp; Collection","robots":{"index":"index","follow":"follow","max-snippet":"max-snippet:-1","max-image-preview":"max-image-preview:large","max-video-preview":"max-video-preview:-1"},"canonical":"https:\/\/wcspltd.co.uk\/fr\/produit\/king-scallop-meat-roe-off\/","og_locale":"fr_FR","og_type":"article","og_title":"Buy King Scallop Meat - Roe Off |Delivery &amp; Collection","og_description":"Buy King Scallop Meat - Roe Off From The West Coast Sea Products Online Store. Delivery &amp; Collection","og_url":"https:\/\/wcspltd.co.uk\/fr\/produit\/king-scallop-meat-roe-off\/","og_site_name":"West Coast Sea Products Ltd - Wholesale Shellfish Suppliers","article_modified_time":"2026-01-06T15:26:21+00:00","og_image":[{"width":1080,"height":1080,"url":"https:\/\/wcspltd.co.uk\/wp-content\/uploads\/2020\/11\/kings-roe-off.png","type":"image\/png"}],"twitter_card":"summary_large_image","twitter_misc":{"Dur\u00e9e de lecture estim\u00e9e":"1 minute"},"schema":{"@context":"https:\/\/schema.org","@graph":[{"@type":"WebPage","@id":"https:\/\/wcspltd.co.uk\/product\/king-scallop-meat-roe-off\/","url":"https:\/\/wcspltd.co.uk\/product\/king-scallop-meat-roe-off\/","name":"Buy King Scallop Meat - Roe Off |Delivery &amp; Collection","isPartOf":{"@id":"https:\/\/wcspltd.co.uk\/#website"},"primaryImageOfPage":{"@id":"https:\/\/wcspltd.co.uk\/product\/king-scallop-meat-roe-off\/#primaryimage"},"image":{"@id":"https:\/\/wcspltd.co.uk\/product\/king-scallop-meat-roe-off\/#primaryimage"},"thumbnailUrl":"https:\/\/wcspltd.co.uk\/wp-content\/uploads\/2020\/11\/kings-roe-off.png","datePublished":"2020-11-24T09:36:58+00:00","dateModified":"2026-01-06T15:26:21+00:00","description":"Buy King Scallop Meat - Roe Off From The West Coast Sea Products Online Store. Delivery &amp; Collection","breadcrumb":{"@id":"https:\/\/wcspltd.co.uk\/product\/king-scallop-meat-roe-off\/#breadcrumb"},"inLanguage":"fr-FR","potentialAction":[{"@type":"ReadAction","target":["https:\/\/wcspltd.co.uk\/product\/king-scallop-meat-roe-off\/"]}]},{"@type":"ImageObject","inLanguage":"fr-FR","@id":"https:\/\/wcspltd.co.uk\/product\/king-scallop-meat-roe-off\/#primaryimage","url":"https:\/\/wcspltd.co.uk\/wp-content\/uploads\/2020\/11\/kings-roe-off.png","contentUrl":"https:\/\/wcspltd.co.uk\/wp-content\/uploads\/2020\/11\/kings-roe-off.png","width":1080,"height":1080},{"@type":"BreadcrumbList","@id":"https:\/\/wcspltd.co.uk\/product\/king-scallop-meat-roe-off\/#breadcrumb","itemListElement":[{"@type":"ListItem","position":1,"name":"Home","item":"https:\/\/wcspltd.co.uk\/"},{"@type":"ListItem","position":2,"name":"Local Shop","item":"https:\/\/wcspltd.co.uk\/shop\/"},{"@type":"ListItem","position":3,"name":"King Scallop Meat &#8211; Roe Off"}]},{"@type":"WebSite","@id":"https:\/\/wcspltd.co.uk\/#website","url":"https:\/\/wcspltd.co.uk\/","name":"West Coast Sea Products Ltd - Fournisseurs de mollusques et crustac\u00e9s en gros","description":"","potentialAction":[{"@type":"SearchAction","target":{"@type":"EntryPoint","urlTemplate":"https:\/\/wcspltd.co.uk\/?s={search_term_string}"},"query-input":{"@type":"PropertyValueSpecification","valueRequired":true,"valueName":"search_term_string"}}],"inLanguage":"fr-FR"}]}},"jetpack_sharing_enabled":true,"_links":{"self":[{"href":"https:\/\/wcspltd.co.uk\/fr\/wp-json\/wp\/v2\/product\/7533","targetHints":{"allow":["GET"]}}],"collection":[{"href":"https:\/\/wcspltd.co.uk\/fr\/wp-json\/wp\/v2\/product"}],"about":[{"href":"https:\/\/wcspltd.co.uk\/fr\/wp-json\/wp\/v2\/types\/product"}],"wp:featuredmedia":[{"embeddable":true,"href":"https:\/\/wcspltd.co.uk\/fr\/wp-json\/wp\/v2\/media\/13913"}],"wp:attachment":[{"href":"https:\/\/wcspltd.co.uk\/fr\/wp-json\/wp\/v2\/media?parent=7533"}],"wp:term":[{"taxonomy":"brand","embeddable":true,"href":"https:\/\/wcspltd.co.uk\/fr\/wp-json\/wp\/v2\/etheme_brands?post=7533"},{"taxonomy":"product_brand","embeddable":true,"href":"https:\/\/wcspltd.co.uk\/fr\/wp-json\/wp\/v2\/product_brand?post=7533"},{"taxonomy":"product_cat","embeddable":true,"href":"https:\/\/wcspltd.co.uk\/fr\/wp-json\/wp\/v2\/product_cat?post=7533"},{"taxonomy":"product_tag","embeddable":true,"href":"https:\/\/wcspltd.co.uk\/fr\/wp-json\/wp\/v2\/product_tag?post=7533"}],"curies":[{"name":"wp","href":"https:\/\/api.w.org\/{rel}","templated":true}]}}