
{"id":7544,"date":"2020-11-24T09:44:08","date_gmt":"2020-11-24T09:44:08","guid":{"rendered":"https:\/\/wcspltd.co.uk\/?post_type=product&#038;p=7544"},"modified":"2025-07-16T12:17:18","modified_gmt":"2025-07-16T12:17:18","slug":"whole-queen-scallops","status":"publish","type":"product","link":"https:\/\/wcspltd.co.uk\/fr\/produit\/whole-queen-scallops\/","title":{"rendered":"Whole Queen Scallops"},"content":{"rendered":"<p>Nous vendons nos p\u00e9toncles royaux entiers au kilo.<\/p>\n<p>Les p\u00e9toncles entiers sont parfaits pour les clients qui pr\u00e9f\u00e8rent pr\u00e9parer eux-m\u00eames leurs p\u00e9toncles et qui ne craignent pas un peu de travail suppl\u00e9mentaire. Ils peuvent \u00e9galement \u00eatre cuits entiers et avec la jupe sur laquelle beaucoup sont pr\u00e9f\u00e9r\u00e9s.<\/p>\n<p>Les p\u00e9toncles ont tendance \u00e0 rester vivants pendant un maximum de 24 heures \u00e0 partir du moment o\u00f9 ils sortent de l&#039;eau. Nous ne pouvons pas garantir qu&#039;ils seront toujours vivants lorsqu&#039;ils atteindront le client car il faut du temps au bateau pour atteindre la terre, emballer et transporter les commandes. Ne laissez pas cela vous d\u00e9courager car les p\u00e9toncles restent tr\u00e8s frais sur la glace et seront donc d&#039;une grande qualit\u00e9 lorsqu&#039;ils vous atteindront.<\/p>\n<p>1 kg - environ 25-23<\/p>","protected":false},"excerpt":{"rendered":"<p>We sell our whole queen scallops by the kilo. Whole shell scallops are perfect for customers who prefer to prepare their scallops themselves, and don\u2019t&#8230;<\/p>","protected":false},"featured_media":8196,"template":"","meta":{"rs_blank_template":"","rs_page_bg_color":"","slide_template_v7":""},"etheme_brands":[],"product_brand":[],"product_cat":[27,175,112,104],"product_tag":[],"class_list":{"0":"post-7544","1":"product","2":"type-product","3":"status-publish","4":"has-post-thumbnail","6":"product_cat-all","7":"product_cat-online-shop","8":"product_cat-scallops","9":"product_cat-shellfish","11":"first","12":"instock","13":"shipping-taxable","14":"purchasable","15":"product-type-simple"},"yoast_head":"<!-- This site is optimized with the Yoast SEO plugin v27.4 - https:\/\/yoast.com\/product\/yoast-seo-wordpress\/ -->\n<title>Buy Whole Queen Scallops Online | Delivery &amp; Collection<\/title>\n<meta name=\"description\" content=\"Buy Whole Queen Scallops From The West Coast Sea Products Online Store. Delivery &amp; Collection\" \/>\n<meta name=\"robots\" content=\"index, follow, max-snippet:-1, max-image-preview:large, max-video-preview:-1\" \/>\n<link rel=\"canonical\" href=\"https:\/\/wcspltd.co.uk\/fr\/produit\/whole-queen-scallops\/\" \/>\n<meta property=\"og:locale\" content=\"fr_FR\" \/>\n<meta property=\"og:type\" content=\"article\" \/>\n<meta property=\"og:title\" content=\"Buy Whole Queen Scallops Online | Delivery &amp; Collection\" \/>\n<meta property=\"og:description\" content=\"Buy Whole Queen Scallops From The West Coast Sea Products Online Store. Delivery &amp; Collection\" \/>\n<meta property=\"og:url\" content=\"https:\/\/wcspltd.co.uk\/fr\/produit\/whole-queen-scallops\/\" \/>\n<meta property=\"og:site_name\" content=\"West Coast Sea Products Ltd - Wholesale Shellfish Suppliers\" \/>\n<meta property=\"article:modified_time\" content=\"2025-07-16T12:17:18+00:00\" \/>\n<meta property=\"og:image\" content=\"https:\/\/wcspltd.co.uk\/wp-content\/uploads\/2020\/11\/queens-whole.jpg\" \/>\n\t<meta property=\"og:image:width\" content=\"1245\" \/>\n\t<meta property=\"og:image:height\" content=\"1176\" \/>\n\t<meta property=\"og:image:type\" content=\"image\/jpeg\" \/>\n<meta name=\"twitter:card\" content=\"summary_large_image\" \/>\n<meta name=\"twitter:label1\" content=\"Dur\u00e9e de lecture estim\u00e9e\" \/>\n\t<meta name=\"twitter:data1\" content=\"1 minute\" \/>\n<script type=\"application\/ld+json\" class=\"yoast-schema-graph\">{\"@context\":\"https:\\\/\\\/schema.org\",\"@graph\":[{\"@type\":\"WebPage\",\"@id\":\"https:\\\/\\\/wcspltd.co.uk\\\/product\\\/whole-queen-scallops\\\/\",\"url\":\"https:\\\/\\\/wcspltd.co.uk\\\/product\\\/whole-queen-scallops\\\/\",\"name\":\"Buy Whole Queen Scallops Online | Delivery &amp; Collection\",\"isPartOf\":{\"@id\":\"https:\\\/\\\/wcspltd.co.uk\\\/#website\"},\"primaryImageOfPage\":{\"@id\":\"https:\\\/\\\/wcspltd.co.uk\\\/product\\\/whole-queen-scallops\\\/#primaryimage\"},\"image\":{\"@id\":\"https:\\\/\\\/wcspltd.co.uk\\\/product\\\/whole-queen-scallops\\\/#primaryimage\"},\"thumbnailUrl\":\"https:\\\/\\\/wcspltd.co.uk\\\/wp-content\\\/uploads\\\/2020\\\/11\\\/queens-whole.jpg\",\"datePublished\":\"2020-11-24T09:44:08+00:00\",\"dateModified\":\"2025-07-16T12:17:18+00:00\",\"description\":\"Buy Whole Queen Scallops From The West Coast Sea Products Online Store. Delivery &amp; Collection\",\"breadcrumb\":{\"@id\":\"https:\\\/\\\/wcspltd.co.uk\\\/product\\\/whole-queen-scallops\\\/#breadcrumb\"},\"inLanguage\":\"fr-FR\",\"potentialAction\":[{\"@type\":\"ReadAction\",\"target\":[\"https:\\\/\\\/wcspltd.co.uk\\\/product\\\/whole-queen-scallops\\\/\"]}]},{\"@type\":\"ImageObject\",\"inLanguage\":\"fr-FR\",\"@id\":\"https:\\\/\\\/wcspltd.co.uk\\\/product\\\/whole-queen-scallops\\\/#primaryimage\",\"url\":\"https:\\\/\\\/wcspltd.co.uk\\\/wp-content\\\/uploads\\\/2020\\\/11\\\/queens-whole.jpg\",\"contentUrl\":\"https:\\\/\\\/wcspltd.co.uk\\\/wp-content\\\/uploads\\\/2020\\\/11\\\/queens-whole.jpg\",\"width\":1245,\"height\":1176},{\"@type\":\"BreadcrumbList\",\"@id\":\"https:\\\/\\\/wcspltd.co.uk\\\/product\\\/whole-queen-scallops\\\/#breadcrumb\",\"itemListElement\":[{\"@type\":\"ListItem\",\"position\":1,\"name\":\"Home\",\"item\":\"https:\\\/\\\/wcspltd.co.uk\\\/\"},{\"@type\":\"ListItem\",\"position\":2,\"name\":\"Local Shop\",\"item\":\"https:\\\/\\\/wcspltd.co.uk\\\/shop\\\/\"},{\"@type\":\"ListItem\",\"position\":3,\"name\":\"Whole Queen Scallops\"}]},{\"@type\":\"WebSite\",\"@id\":\"https:\\\/\\\/wcspltd.co.uk\\\/#website\",\"url\":\"https:\\\/\\\/wcspltd.co.uk\\\/\",\"name\":\"West Coast Sea Products Ltd - Wholesale Shellfish Suppliers\",\"description\":\"\",\"potentialAction\":[{\"@type\":\"SearchAction\",\"target\":{\"@type\":\"EntryPoint\",\"urlTemplate\":\"https:\\\/\\\/wcspltd.co.uk\\\/?s={search_term_string}\"},\"query-input\":{\"@type\":\"PropertyValueSpecification\",\"valueRequired\":true,\"valueName\":\"search_term_string\"}}],\"inLanguage\":\"fr-FR\"}]}<\/script>\n<!-- \/ Yoast SEO plugin. -->","yoast_head_json":{"title":"Buy Whole Queen Scallops Online | Delivery &amp; Collection","description":"Buy Whole Queen Scallops From The West Coast Sea Products Online Store. Delivery &amp; Collection","robots":{"index":"index","follow":"follow","max-snippet":"max-snippet:-1","max-image-preview":"max-image-preview:large","max-video-preview":"max-video-preview:-1"},"canonical":"https:\/\/wcspltd.co.uk\/fr\/produit\/whole-queen-scallops\/","og_locale":"fr_FR","og_type":"article","og_title":"Buy Whole Queen Scallops Online | Delivery &amp; Collection","og_description":"Buy Whole Queen Scallops From The West Coast Sea Products Online Store. Delivery &amp; Collection","og_url":"https:\/\/wcspltd.co.uk\/fr\/produit\/whole-queen-scallops\/","og_site_name":"West Coast Sea Products Ltd - Wholesale Shellfish Suppliers","article_modified_time":"2025-07-16T12:17:18+00:00","og_image":[{"width":1245,"height":1176,"url":"https:\/\/wcspltd.co.uk\/wp-content\/uploads\/2020\/11\/queens-whole.jpg","type":"image\/jpeg"}],"twitter_card":"summary_large_image","twitter_misc":{"Dur\u00e9e de lecture estim\u00e9e":"1 minute"},"schema":{"@context":"https:\/\/schema.org","@graph":[{"@type":"WebPage","@id":"https:\/\/wcspltd.co.uk\/product\/whole-queen-scallops\/","url":"https:\/\/wcspltd.co.uk\/product\/whole-queen-scallops\/","name":"Buy Whole Queen Scallops Online | Delivery &amp; Collection","isPartOf":{"@id":"https:\/\/wcspltd.co.uk\/#website"},"primaryImageOfPage":{"@id":"https:\/\/wcspltd.co.uk\/product\/whole-queen-scallops\/#primaryimage"},"image":{"@id":"https:\/\/wcspltd.co.uk\/product\/whole-queen-scallops\/#primaryimage"},"thumbnailUrl":"https:\/\/wcspltd.co.uk\/wp-content\/uploads\/2020\/11\/queens-whole.jpg","datePublished":"2020-11-24T09:44:08+00:00","dateModified":"2025-07-16T12:17:18+00:00","description":"Buy Whole Queen Scallops From The West Coast Sea Products Online Store. Delivery &amp; Collection","breadcrumb":{"@id":"https:\/\/wcspltd.co.uk\/product\/whole-queen-scallops\/#breadcrumb"},"inLanguage":"fr-FR","potentialAction":[{"@type":"ReadAction","target":["https:\/\/wcspltd.co.uk\/product\/whole-queen-scallops\/"]}]},{"@type":"ImageObject","inLanguage":"fr-FR","@id":"https:\/\/wcspltd.co.uk\/product\/whole-queen-scallops\/#primaryimage","url":"https:\/\/wcspltd.co.uk\/wp-content\/uploads\/2020\/11\/queens-whole.jpg","contentUrl":"https:\/\/wcspltd.co.uk\/wp-content\/uploads\/2020\/11\/queens-whole.jpg","width":1245,"height":1176},{"@type":"BreadcrumbList","@id":"https:\/\/wcspltd.co.uk\/product\/whole-queen-scallops\/#breadcrumb","itemListElement":[{"@type":"ListItem","position":1,"name":"Home","item":"https:\/\/wcspltd.co.uk\/"},{"@type":"ListItem","position":2,"name":"Local Shop","item":"https:\/\/wcspltd.co.uk\/shop\/"},{"@type":"ListItem","position":3,"name":"Whole Queen Scallops"}]},{"@type":"WebSite","@id":"https:\/\/wcspltd.co.uk\/#website","url":"https:\/\/wcspltd.co.uk\/","name":"West Coast Sea Products Ltd - Fournisseurs de mollusques et crustac\u00e9s en gros","description":"","potentialAction":[{"@type":"SearchAction","target":{"@type":"EntryPoint","urlTemplate":"https:\/\/wcspltd.co.uk\/?s={search_term_string}"},"query-input":{"@type":"PropertyValueSpecification","valueRequired":true,"valueName":"search_term_string"}}],"inLanguage":"fr-FR"}]}},"jetpack_sharing_enabled":true,"_links":{"self":[{"href":"https:\/\/wcspltd.co.uk\/fr\/wp-json\/wp\/v2\/product\/7544","targetHints":{"allow":["GET"]}}],"collection":[{"href":"https:\/\/wcspltd.co.uk\/fr\/wp-json\/wp\/v2\/product"}],"about":[{"href":"https:\/\/wcspltd.co.uk\/fr\/wp-json\/wp\/v2\/types\/product"}],"wp:featuredmedia":[{"embeddable":true,"href":"https:\/\/wcspltd.co.uk\/fr\/wp-json\/wp\/v2\/media\/8196"}],"wp:attachment":[{"href":"https:\/\/wcspltd.co.uk\/fr\/wp-json\/wp\/v2\/media?parent=7544"}],"wp:term":[{"taxonomy":"brand","embeddable":true,"href":"https:\/\/wcspltd.co.uk\/fr\/wp-json\/wp\/v2\/etheme_brands?post=7544"},{"taxonomy":"product_brand","embeddable":true,"href":"https:\/\/wcspltd.co.uk\/fr\/wp-json\/wp\/v2\/product_brand?post=7544"},{"taxonomy":"product_cat","embeddable":true,"href":"https:\/\/wcspltd.co.uk\/fr\/wp-json\/wp\/v2\/product_cat?post=7544"},{"taxonomy":"product_tag","embeddable":true,"href":"https:\/\/wcspltd.co.uk\/fr\/wp-json\/wp\/v2\/product_tag?post=7544"}],"curies":[{"name":"wp","href":"https:\/\/api.w.org\/{rel}","templated":true}]}}