
{"id":7569,"date":"2020-11-24T11:21:28","date_gmt":"2020-11-24T11:21:28","guid":{"rendered":"https:\/\/wcspltd.co.uk\/?post_type=product&#038;p=7569"},"modified":"2025-12-15T14:37:33","modified_gmt":"2025-12-15T14:37:33","slug":"cooked-lobster","status":"publish","type":"product","link":"https:\/\/wcspltd.co.uk\/fr\/produit\/cooked-lobster\/","title":{"rendered":"Homard cuit"},"content":{"rendered":"<p>Le p\u00eacheur local de Kirkcudbright, Ian Clark, est un expert de la p\u00eache au homard. Il utilise des nasses de homard le long de la c\u00f4te de Kirkcudbright tout au long de l&#039;ann\u00e9e pour attraper le homard europ\u00e9en distinctif, identifi\u00e9 par sa coquille bleu-noir qui devient rouge une fois cuit.<\/p>\n<p>Le homard a une belle saveur sucr\u00e9e et a beaucoup de viande d\u00e9licieuse dans la queue, le corps et les griffes.<\/p>\n<p>Live lobster weight: 500-600g<\/p>","protected":false},"excerpt":{"rendered":"<p>Local Kirkcudbright Fisherman Ian Clark is an expert in fishing for Lobsters. He uses lobster creels along the Kirkcudbright coastline throughout the year to catch&#8230;<\/p>","protected":false},"featured_media":13949,"template":"","meta":{"rs_blank_template":"","rs_page_bg_color":"","slide_template_v7":""},"etheme_brands":[],"product_brand":[],"product_cat":[27,105,175,104],"product_tag":[],"class_list":{"0":"post-7569","1":"product","2":"type-product","3":"status-publish","4":"has-post-thumbnail","6":"product_cat-all","7":"product_cat-lobster","8":"product_cat-online-shop","9":"product_cat-shellfish","11":"first","12":"instock","13":"shipping-taxable","14":"purchasable","15":"product-type-variable"},"yoast_head":"<!-- This site is optimized with the Yoast SEO plugin v27.4 - https:\/\/yoast.com\/product\/yoast-seo-wordpress\/ -->\n<title>Cooked Lobster - West Coast Sea Products Ltd - Wholesale Shellfish Suppliers<\/title>\n<meta name=\"robots\" content=\"index, follow, max-snippet:-1, max-image-preview:large, max-video-preview:-1\" \/>\n<link rel=\"canonical\" href=\"https:\/\/wcspltd.co.uk\/fr\/produit\/cooked-lobster\/\" \/>\n<meta property=\"og:locale\" content=\"fr_FR\" \/>\n<meta property=\"og:type\" content=\"article\" \/>\n<meta property=\"og:title\" content=\"Cooked Lobster - West Coast Sea Products Ltd - Wholesale Shellfish Suppliers\" \/>\n<meta property=\"og:description\" content=\"Local Kirkcudbright Fisherman Ian Clark is an expert in fishing for Lobsters. He uses lobster creels along the Kirkcudbright coastline throughout the year to catch...\" \/>\n<meta property=\"og:url\" content=\"https:\/\/wcspltd.co.uk\/fr\/produit\/cooked-lobster\/\" \/>\n<meta property=\"og:site_name\" content=\"West Coast Sea Products Ltd - Wholesale Shellfish Suppliers\" \/>\n<meta property=\"article:modified_time\" content=\"2025-12-15T14:37:33+00:00\" \/>\n<meta property=\"og:image\" content=\"https:\/\/wcspltd.co.uk\/wp-content\/uploads\/2020\/11\/cooked-lobster.png\" \/>\n\t<meta property=\"og:image:width\" content=\"1080\" \/>\n\t<meta property=\"og:image:height\" content=\"1080\" \/>\n\t<meta property=\"og:image:type\" content=\"image\/png\" \/>\n<meta name=\"twitter:card\" content=\"summary_large_image\" \/>\n<meta name=\"twitter:label1\" content=\"Dur\u00e9e de lecture estim\u00e9e\" \/>\n\t<meta name=\"twitter:data1\" content=\"1 minute\" \/>\n<script type=\"application\/ld+json\" class=\"yoast-schema-graph\">{\"@context\":\"https:\\\/\\\/schema.org\",\"@graph\":[{\"@type\":\"WebPage\",\"@id\":\"https:\\\/\\\/wcspltd.co.uk\\\/product\\\/cooked-lobster\\\/\",\"url\":\"https:\\\/\\\/wcspltd.co.uk\\\/product\\\/cooked-lobster\\\/\",\"name\":\"Cooked Lobster - West Coast Sea Products Ltd - Wholesale Shellfish Suppliers\",\"isPartOf\":{\"@id\":\"https:\\\/\\\/wcspltd.co.uk\\\/#website\"},\"primaryImageOfPage\":{\"@id\":\"https:\\\/\\\/wcspltd.co.uk\\\/product\\\/cooked-lobster\\\/#primaryimage\"},\"image\":{\"@id\":\"https:\\\/\\\/wcspltd.co.uk\\\/product\\\/cooked-lobster\\\/#primaryimage\"},\"thumbnailUrl\":\"https:\\\/\\\/wcspltd.co.uk\\\/wp-content\\\/uploads\\\/2020\\\/11\\\/cooked-lobster.png\",\"datePublished\":\"2020-11-24T11:21:28+00:00\",\"dateModified\":\"2025-12-15T14:37:33+00:00\",\"breadcrumb\":{\"@id\":\"https:\\\/\\\/wcspltd.co.uk\\\/product\\\/cooked-lobster\\\/#breadcrumb\"},\"inLanguage\":\"fr-FR\",\"potentialAction\":[{\"@type\":\"ReadAction\",\"target\":[\"https:\\\/\\\/wcspltd.co.uk\\\/product\\\/cooked-lobster\\\/\"]}]},{\"@type\":\"ImageObject\",\"inLanguage\":\"fr-FR\",\"@id\":\"https:\\\/\\\/wcspltd.co.uk\\\/product\\\/cooked-lobster\\\/#primaryimage\",\"url\":\"https:\\\/\\\/wcspltd.co.uk\\\/wp-content\\\/uploads\\\/2020\\\/11\\\/cooked-lobster.png\",\"contentUrl\":\"https:\\\/\\\/wcspltd.co.uk\\\/wp-content\\\/uploads\\\/2020\\\/11\\\/cooked-lobster.png\",\"width\":1080,\"height\":1080},{\"@type\":\"BreadcrumbList\",\"@id\":\"https:\\\/\\\/wcspltd.co.uk\\\/product\\\/cooked-lobster\\\/#breadcrumb\",\"itemListElement\":[{\"@type\":\"ListItem\",\"position\":1,\"name\":\"Home\",\"item\":\"https:\\\/\\\/wcspltd.co.uk\\\/\"},{\"@type\":\"ListItem\",\"position\":2,\"name\":\"Local Shop\",\"item\":\"https:\\\/\\\/wcspltd.co.uk\\\/shop\\\/\"},{\"@type\":\"ListItem\",\"position\":3,\"name\":\"Cooked Lobster\"}]},{\"@type\":\"WebSite\",\"@id\":\"https:\\\/\\\/wcspltd.co.uk\\\/#website\",\"url\":\"https:\\\/\\\/wcspltd.co.uk\\\/\",\"name\":\"West Coast Sea Products Ltd - Wholesale Shellfish Suppliers\",\"description\":\"\",\"potentialAction\":[{\"@type\":\"SearchAction\",\"target\":{\"@type\":\"EntryPoint\",\"urlTemplate\":\"https:\\\/\\\/wcspltd.co.uk\\\/?s={search_term_string}\"},\"query-input\":{\"@type\":\"PropertyValueSpecification\",\"valueRequired\":true,\"valueName\":\"search_term_string\"}}],\"inLanguage\":\"fr-FR\"}]}<\/script>\n<!-- \/ Yoast SEO plugin. -->","yoast_head_json":{"title":"Cooked Lobster - West Coast Sea Products Ltd - Wholesale Shellfish Suppliers","robots":{"index":"index","follow":"follow","max-snippet":"max-snippet:-1","max-image-preview":"max-image-preview:large","max-video-preview":"max-video-preview:-1"},"canonical":"https:\/\/wcspltd.co.uk\/fr\/produit\/cooked-lobster\/","og_locale":"fr_FR","og_type":"article","og_title":"Cooked Lobster - West Coast Sea Products Ltd - Wholesale Shellfish Suppliers","og_description":"Local Kirkcudbright Fisherman Ian Clark is an expert in fishing for Lobsters. He uses lobster creels along the Kirkcudbright coastline throughout the year to catch...","og_url":"https:\/\/wcspltd.co.uk\/fr\/produit\/cooked-lobster\/","og_site_name":"West Coast Sea Products Ltd - Wholesale Shellfish Suppliers","article_modified_time":"2025-12-15T14:37:33+00:00","og_image":[{"width":1080,"height":1080,"url":"https:\/\/wcspltd.co.uk\/wp-content\/uploads\/2020\/11\/cooked-lobster.png","type":"image\/png"}],"twitter_card":"summary_large_image","twitter_misc":{"Dur\u00e9e de lecture estim\u00e9e":"1 minute"},"schema":{"@context":"https:\/\/schema.org","@graph":[{"@type":"WebPage","@id":"https:\/\/wcspltd.co.uk\/product\/cooked-lobster\/","url":"https:\/\/wcspltd.co.uk\/product\/cooked-lobster\/","name":"Cooked Lobster - West Coast Sea Products Ltd - Wholesale Shellfish Suppliers","isPartOf":{"@id":"https:\/\/wcspltd.co.uk\/#website"},"primaryImageOfPage":{"@id":"https:\/\/wcspltd.co.uk\/product\/cooked-lobster\/#primaryimage"},"image":{"@id":"https:\/\/wcspltd.co.uk\/product\/cooked-lobster\/#primaryimage"},"thumbnailUrl":"https:\/\/wcspltd.co.uk\/wp-content\/uploads\/2020\/11\/cooked-lobster.png","datePublished":"2020-11-24T11:21:28+00:00","dateModified":"2025-12-15T14:37:33+00:00","breadcrumb":{"@id":"https:\/\/wcspltd.co.uk\/product\/cooked-lobster\/#breadcrumb"},"inLanguage":"fr-FR","potentialAction":[{"@type":"ReadAction","target":["https:\/\/wcspltd.co.uk\/product\/cooked-lobster\/"]}]},{"@type":"ImageObject","inLanguage":"fr-FR","@id":"https:\/\/wcspltd.co.uk\/product\/cooked-lobster\/#primaryimage","url":"https:\/\/wcspltd.co.uk\/wp-content\/uploads\/2020\/11\/cooked-lobster.png","contentUrl":"https:\/\/wcspltd.co.uk\/wp-content\/uploads\/2020\/11\/cooked-lobster.png","width":1080,"height":1080},{"@type":"BreadcrumbList","@id":"https:\/\/wcspltd.co.uk\/product\/cooked-lobster\/#breadcrumb","itemListElement":[{"@type":"ListItem","position":1,"name":"Home","item":"https:\/\/wcspltd.co.uk\/"},{"@type":"ListItem","position":2,"name":"Local Shop","item":"https:\/\/wcspltd.co.uk\/shop\/"},{"@type":"ListItem","position":3,"name":"Cooked Lobster"}]},{"@type":"WebSite","@id":"https:\/\/wcspltd.co.uk\/#website","url":"https:\/\/wcspltd.co.uk\/","name":"West Coast Sea Products Ltd - Fournisseurs de mollusques et crustac\u00e9s en gros","description":"","potentialAction":[{"@type":"SearchAction","target":{"@type":"EntryPoint","urlTemplate":"https:\/\/wcspltd.co.uk\/?s={search_term_string}"},"query-input":{"@type":"PropertyValueSpecification","valueRequired":true,"valueName":"search_term_string"}}],"inLanguage":"fr-FR"}]}},"jetpack_sharing_enabled":true,"_links":{"self":[{"href":"https:\/\/wcspltd.co.uk\/fr\/wp-json\/wp\/v2\/product\/7569","targetHints":{"allow":["GET"]}}],"collection":[{"href":"https:\/\/wcspltd.co.uk\/fr\/wp-json\/wp\/v2\/product"}],"about":[{"href":"https:\/\/wcspltd.co.uk\/fr\/wp-json\/wp\/v2\/types\/product"}],"wp:featuredmedia":[{"embeddable":true,"href":"https:\/\/wcspltd.co.uk\/fr\/wp-json\/wp\/v2\/media\/13949"}],"wp:attachment":[{"href":"https:\/\/wcspltd.co.uk\/fr\/wp-json\/wp\/v2\/media?parent=7569"}],"wp:term":[{"taxonomy":"brand","embeddable":true,"href":"https:\/\/wcspltd.co.uk\/fr\/wp-json\/wp\/v2\/etheme_brands?post=7569"},{"taxonomy":"product_brand","embeddable":true,"href":"https:\/\/wcspltd.co.uk\/fr\/wp-json\/wp\/v2\/product_brand?post=7569"},{"taxonomy":"product_cat","embeddable":true,"href":"https:\/\/wcspltd.co.uk\/fr\/wp-json\/wp\/v2\/product_cat?post=7569"},{"taxonomy":"product_tag","embeddable":true,"href":"https:\/\/wcspltd.co.uk\/fr\/wp-json\/wp\/v2\/product_tag?post=7569"}],"curies":[{"name":"wp","href":"https:\/\/api.w.org\/{rel}","templated":true}]}}