
{"id":7580,"date":"2020-11-24T11:45:58","date_gmt":"2020-11-24T11:45:58","guid":{"rendered":"https:\/\/wcspltd.co.uk\/?post_type=product&#038;p=7580"},"modified":"2025-07-16T12:17:51","modified_gmt":"2025-07-16T12:17:51","slug":"oyster-shucking-knife","status":"publish","type":"product","link":"https:\/\/wcspltd.co.uk\/fr\/produit\/oyster-shucking-knife\/","title":{"rendered":"Couteau \u00e0 d\u00e9cortiquer les hu\u00eetres"},"content":{"rendered":"<p>Perfect for oyster lovers, making oyster shucking that bit easier! Place the tip of the knife at the base of the oyster hinge, twist the knife using pressure, then lever the knife upwards to prise the hinge open.<\/p>\n<p>We have two kinds of knives available &#8211; black handle (knife only) and wooden handle, which comes with sheath.<\/p>","protected":false},"excerpt":{"rendered":"<p>Perfect for oyster lovers, making oyster shucking that bit easier! Place the tip of the knife at the base of the oyster hinge, twist the&#8230;<\/p>","protected":false},"featured_media":13937,"template":"","meta":{"rs_blank_template":"","rs_page_bg_color":"","slide_template_v7":""},"etheme_brands":[],"product_brand":[],"product_cat":[27,175,108,104],"product_tag":[],"class_list":{"0":"post-7580","1":"product","2":"type-product","3":"status-publish","4":"has-post-thumbnail","6":"product_cat-all","7":"product_cat-online-shop","8":"product_cat-oysters","9":"product_cat-shellfish","11":"first","12":"instock","13":"shipping-taxable","14":"purchasable","15":"product-type-variable"},"yoast_head":"<!-- This site is optimized with the Yoast SEO plugin v27.4 - https:\/\/yoast.com\/product\/yoast-seo-wordpress\/ -->\n<title>Buy Oyster Shucking Knife Online | Delivery &amp; Collection<\/title>\n<meta name=\"description\" content=\"Buy Fresh Oyster Shucking Knife From The West Coast Sea Products Online Store.\" \/>\n<meta name=\"robots\" content=\"index, follow, max-snippet:-1, max-image-preview:large, max-video-preview:-1\" \/>\n<link rel=\"canonical\" href=\"https:\/\/wcspltd.co.uk\/fr\/produit\/oyster-shucking-knife\/\" \/>\n<meta property=\"og:locale\" content=\"fr_FR\" \/>\n<meta property=\"og:type\" content=\"article\" \/>\n<meta property=\"og:title\" content=\"Buy Oyster Shucking Knife Online | Delivery &amp; Collection\" \/>\n<meta property=\"og:description\" content=\"Buy Fresh Oyster Shucking Knife From The West Coast Sea Products Online Store.\" \/>\n<meta property=\"og:url\" content=\"https:\/\/wcspltd.co.uk\/fr\/produit\/oyster-shucking-knife\/\" \/>\n<meta property=\"og:site_name\" content=\"West Coast Sea Products Ltd - Wholesale Shellfish Suppliers\" \/>\n<meta property=\"article:modified_time\" content=\"2025-07-16T12:17:51+00:00\" \/>\n<meta property=\"og:image\" content=\"https:\/\/wcspltd.co.uk\/wp-content\/uploads\/2020\/11\/shucking-knife-2.png\" \/>\n\t<meta property=\"og:image:width\" content=\"1080\" \/>\n\t<meta property=\"og:image:height\" content=\"1080\" \/>\n\t<meta property=\"og:image:type\" content=\"image\/png\" \/>\n<meta name=\"twitter:card\" content=\"summary_large_image\" \/>\n<meta name=\"twitter:label1\" content=\"Dur\u00e9e de lecture estim\u00e9e\" \/>\n\t<meta name=\"twitter:data1\" content=\"1 minute\" \/>\n<script type=\"application\/ld+json\" class=\"yoast-schema-graph\">{\"@context\":\"https:\\\/\\\/schema.org\",\"@graph\":[{\"@type\":\"WebPage\",\"@id\":\"https:\\\/\\\/wcspltd.co.uk\\\/product\\\/oyster-shucking-knife\\\/\",\"url\":\"https:\\\/\\\/wcspltd.co.uk\\\/product\\\/oyster-shucking-knife\\\/\",\"name\":\"Buy Oyster Shucking Knife Online | Delivery &amp; Collection\",\"isPartOf\":{\"@id\":\"https:\\\/\\\/wcspltd.co.uk\\\/#website\"},\"primaryImageOfPage\":{\"@id\":\"https:\\\/\\\/wcspltd.co.uk\\\/product\\\/oyster-shucking-knife\\\/#primaryimage\"},\"image\":{\"@id\":\"https:\\\/\\\/wcspltd.co.uk\\\/product\\\/oyster-shucking-knife\\\/#primaryimage\"},\"thumbnailUrl\":\"https:\\\/\\\/wcspltd.co.uk\\\/wp-content\\\/uploads\\\/2020\\\/11\\\/shucking-knife-2.png\",\"datePublished\":\"2020-11-24T11:45:58+00:00\",\"dateModified\":\"2025-07-16T12:17:51+00:00\",\"description\":\"Buy Fresh Oyster Shucking Knife From The West Coast Sea Products Online Store.\",\"breadcrumb\":{\"@id\":\"https:\\\/\\\/wcspltd.co.uk\\\/product\\\/oyster-shucking-knife\\\/#breadcrumb\"},\"inLanguage\":\"fr-FR\",\"potentialAction\":[{\"@type\":\"ReadAction\",\"target\":[\"https:\\\/\\\/wcspltd.co.uk\\\/product\\\/oyster-shucking-knife\\\/\"]}]},{\"@type\":\"ImageObject\",\"inLanguage\":\"fr-FR\",\"@id\":\"https:\\\/\\\/wcspltd.co.uk\\\/product\\\/oyster-shucking-knife\\\/#primaryimage\",\"url\":\"https:\\\/\\\/wcspltd.co.uk\\\/wp-content\\\/uploads\\\/2020\\\/11\\\/shucking-knife-2.png\",\"contentUrl\":\"https:\\\/\\\/wcspltd.co.uk\\\/wp-content\\\/uploads\\\/2020\\\/11\\\/shucking-knife-2.png\",\"width\":1080,\"height\":1080},{\"@type\":\"BreadcrumbList\",\"@id\":\"https:\\\/\\\/wcspltd.co.uk\\\/product\\\/oyster-shucking-knife\\\/#breadcrumb\",\"itemListElement\":[{\"@type\":\"ListItem\",\"position\":1,\"name\":\"Home\",\"item\":\"https:\\\/\\\/wcspltd.co.uk\\\/\"},{\"@type\":\"ListItem\",\"position\":2,\"name\":\"Local Shop\",\"item\":\"https:\\\/\\\/wcspltd.co.uk\\\/shop\\\/\"},{\"@type\":\"ListItem\",\"position\":3,\"name\":\"Oyster Shucking Knife\"}]},{\"@type\":\"WebSite\",\"@id\":\"https:\\\/\\\/wcspltd.co.uk\\\/#website\",\"url\":\"https:\\\/\\\/wcspltd.co.uk\\\/\",\"name\":\"West Coast Sea Products Ltd - Wholesale Shellfish Suppliers\",\"description\":\"\",\"potentialAction\":[{\"@type\":\"SearchAction\",\"target\":{\"@type\":\"EntryPoint\",\"urlTemplate\":\"https:\\\/\\\/wcspltd.co.uk\\\/?s={search_term_string}\"},\"query-input\":{\"@type\":\"PropertyValueSpecification\",\"valueRequired\":true,\"valueName\":\"search_term_string\"}}],\"inLanguage\":\"fr-FR\"}]}<\/script>\n<!-- \/ Yoast SEO plugin. -->","yoast_head_json":{"title":"Buy Oyster Shucking Knife Online | Delivery &amp; Collection","description":"Buy Fresh Oyster Shucking Knife From The West Coast Sea Products Online Store.","robots":{"index":"index","follow":"follow","max-snippet":"max-snippet:-1","max-image-preview":"max-image-preview:large","max-video-preview":"max-video-preview:-1"},"canonical":"https:\/\/wcspltd.co.uk\/fr\/produit\/oyster-shucking-knife\/","og_locale":"fr_FR","og_type":"article","og_title":"Buy Oyster Shucking Knife Online | Delivery &amp; Collection","og_description":"Buy Fresh Oyster Shucking Knife From The West Coast Sea Products Online Store.","og_url":"https:\/\/wcspltd.co.uk\/fr\/produit\/oyster-shucking-knife\/","og_site_name":"West Coast Sea Products Ltd - Wholesale Shellfish Suppliers","article_modified_time":"2025-07-16T12:17:51+00:00","og_image":[{"width":1080,"height":1080,"url":"https:\/\/wcspltd.co.uk\/wp-content\/uploads\/2020\/11\/shucking-knife-2.png","type":"image\/png"}],"twitter_card":"summary_large_image","twitter_misc":{"Dur\u00e9e de lecture estim\u00e9e":"1 minute"},"schema":{"@context":"https:\/\/schema.org","@graph":[{"@type":"WebPage","@id":"https:\/\/wcspltd.co.uk\/product\/oyster-shucking-knife\/","url":"https:\/\/wcspltd.co.uk\/product\/oyster-shucking-knife\/","name":"Buy Oyster Shucking Knife Online | Delivery &amp; Collection","isPartOf":{"@id":"https:\/\/wcspltd.co.uk\/#website"},"primaryImageOfPage":{"@id":"https:\/\/wcspltd.co.uk\/product\/oyster-shucking-knife\/#primaryimage"},"image":{"@id":"https:\/\/wcspltd.co.uk\/product\/oyster-shucking-knife\/#primaryimage"},"thumbnailUrl":"https:\/\/wcspltd.co.uk\/wp-content\/uploads\/2020\/11\/shucking-knife-2.png","datePublished":"2020-11-24T11:45:58+00:00","dateModified":"2025-07-16T12:17:51+00:00","description":"Buy Fresh Oyster Shucking Knife From The West Coast Sea Products Online Store.","breadcrumb":{"@id":"https:\/\/wcspltd.co.uk\/product\/oyster-shucking-knife\/#breadcrumb"},"inLanguage":"fr-FR","potentialAction":[{"@type":"ReadAction","target":["https:\/\/wcspltd.co.uk\/product\/oyster-shucking-knife\/"]}]},{"@type":"ImageObject","inLanguage":"fr-FR","@id":"https:\/\/wcspltd.co.uk\/product\/oyster-shucking-knife\/#primaryimage","url":"https:\/\/wcspltd.co.uk\/wp-content\/uploads\/2020\/11\/shucking-knife-2.png","contentUrl":"https:\/\/wcspltd.co.uk\/wp-content\/uploads\/2020\/11\/shucking-knife-2.png","width":1080,"height":1080},{"@type":"BreadcrumbList","@id":"https:\/\/wcspltd.co.uk\/product\/oyster-shucking-knife\/#breadcrumb","itemListElement":[{"@type":"ListItem","position":1,"name":"Home","item":"https:\/\/wcspltd.co.uk\/"},{"@type":"ListItem","position":2,"name":"Local Shop","item":"https:\/\/wcspltd.co.uk\/shop\/"},{"@type":"ListItem","position":3,"name":"Oyster Shucking Knife"}]},{"@type":"WebSite","@id":"https:\/\/wcspltd.co.uk\/#website","url":"https:\/\/wcspltd.co.uk\/","name":"West Coast Sea Products Ltd - Fournisseurs de mollusques et crustac\u00e9s en gros","description":"","potentialAction":[{"@type":"SearchAction","target":{"@type":"EntryPoint","urlTemplate":"https:\/\/wcspltd.co.uk\/?s={search_term_string}"},"query-input":{"@type":"PropertyValueSpecification","valueRequired":true,"valueName":"search_term_string"}}],"inLanguage":"fr-FR"}]}},"jetpack_sharing_enabled":true,"_links":{"self":[{"href":"https:\/\/wcspltd.co.uk\/fr\/wp-json\/wp\/v2\/product\/7580","targetHints":{"allow":["GET"]}}],"collection":[{"href":"https:\/\/wcspltd.co.uk\/fr\/wp-json\/wp\/v2\/product"}],"about":[{"href":"https:\/\/wcspltd.co.uk\/fr\/wp-json\/wp\/v2\/types\/product"}],"wp:featuredmedia":[{"embeddable":true,"href":"https:\/\/wcspltd.co.uk\/fr\/wp-json\/wp\/v2\/media\/13937"}],"wp:attachment":[{"href":"https:\/\/wcspltd.co.uk\/fr\/wp-json\/wp\/v2\/media?parent=7580"}],"wp:term":[{"taxonomy":"brand","embeddable":true,"href":"https:\/\/wcspltd.co.uk\/fr\/wp-json\/wp\/v2\/etheme_brands?post=7580"},{"taxonomy":"product_brand","embeddable":true,"href":"https:\/\/wcspltd.co.uk\/fr\/wp-json\/wp\/v2\/product_brand?post=7580"},{"taxonomy":"product_cat","embeddable":true,"href":"https:\/\/wcspltd.co.uk\/fr\/wp-json\/wp\/v2\/product_cat?post=7580"},{"taxonomy":"product_tag","embeddable":true,"href":"https:\/\/wcspltd.co.uk\/fr\/wp-json\/wp\/v2\/product_tag?post=7580"}],"curies":[{"name":"wp","href":"https:\/\/api.w.org\/{rel}","templated":true}]}}