
{"id":9646,"date":"2021-11-01T12:49:02","date_gmt":"2021-11-01T12:49:02","guid":{"rendered":"https:\/\/wcspltd.co.uk\/?post_type=product&#038;p=9646"},"modified":"2025-07-16T12:17:41","modified_gmt":"2025-07-16T12:17:41","slug":"whole-langoustines-2","status":"publish","type":"product","link":"https:\/\/wcspltd.co.uk\/fr\/produit\/whole-langoustines-2\/","title":{"rendered":"Whole Cooked Langoustines"},"content":{"rendered":"<p>Our langoustines are wild caught around the Western Isles and off the west coast of Scotland.<\/p>\n<p>Bien que nos langoustines ne soient pas vivantes, elles conservent leur fra\u00eecheur pendant 5 \u00e0 6 jours \u00e0 compter de leur capture. Ils sont emball\u00e9s avec de la glace et conserv\u00e9s au r\u00e9frig\u00e9rateur qui conserve leur qualit\u00e9. Nous vous recommandons de les conserver sur glace et dans leur emballage jusqu&#039;\u00e0 ce que vous pr\u00e9voyiez de les cuire. Une fois les langoustines cuites, elles peuvent \u00eatre conserv\u00e9es 2 \u00e0 3 jours au r\u00e9frig\u00e9rateur.<\/p>\n<p>Les langoustines sont souvent connues sous le nom de crevettes de la baie de Dublin et sont un parent proche des homards. Ils sont beaucoup plus petits que le homard mais sont les crustac\u00e9s les plus pris\u00e9s pour leur saveur exceptionnelle. La viande se trouve dans la queue et aussi dans les griffes de nos plus grandes tailles.<\/p>\n<p>Les langoustines XL impressionnent nos clients car elles sont rares. Ils ont une grande quantit\u00e9 de viande et nous recommandons 4-5 par portion. Nous vous recommandons vivement d&#039;essayer notre XL.<\/p>\n<p>Les grandes langoustines sont un bon polyvalent pour obtenir une quantit\u00e9 d\u00e9cente de viande dans la queue et les griffes. Nous recommandons environ 6-7 langoustines par portion.<\/p>\n<p>Les langoustines moyennes sont parfaites si vous les servez dans un plat. Ils ont la m\u00eame profondeur de saveur mais avec des griffes beaucoup plus petites. Id\u00e9al si vous avez une vari\u00e9t\u00e9 de fruits de mer. Nous recommandons 8 \u00e0 10 par portion.<\/p>\n<p>Les petites langoustines sont parfaites pour nourrir un plus grand groupe de personnes qui ne se soucient pas de s&#039;enfoncer dans les griffes. Nous recommandons 10 \u00e0 14 par portion.<\/p>\n<p>&nbsp;<\/p>\n<p>Remarque: si la taille s\u00e9lectionn\u00e9e n&#039;est pas disponible le jour m\u00eame, nous vous fournirons un produit de remplacement.<\/p>","protected":false},"excerpt":{"rendered":"<p>Our langoustines are wild caught around the Western Isles and off the west coast of Scotland. Despite our langoustines not being live, they retain their&#8230;<\/p>","protected":false},"featured_media":13876,"template":"","meta":{"rs_blank_template":"","rs_page_bg_color":"","slide_template_v7":""},"etheme_brands":[],"product_brand":[],"product_cat":[27,109,175,104],"product_tag":[],"class_list":{"0":"post-9646","1":"product","2":"type-product","3":"status-publish","4":"has-post-thumbnail","6":"product_cat-all","7":"product_cat-langoustines","8":"product_cat-online-shop","9":"product_cat-shellfish","11":"first","12":"instock","13":"shipping-taxable","14":"purchasable","15":"product-type-variable"},"yoast_head":"<!-- This site is optimized with the Yoast SEO plugin v27.4 - https:\/\/yoast.com\/product\/yoast-seo-wordpress\/ -->\n<title>Buy Whole Langoustines Online | Delivery &amp; Collection<\/title>\n<meta name=\"description\" content=\"Buy Whole Langoustines From The West Coast Sea Products Online Store. Delivery &amp; Collection\" \/>\n<meta name=\"robots\" content=\"index, follow, max-snippet:-1, max-image-preview:large, max-video-preview:-1\" \/>\n<link rel=\"canonical\" href=\"https:\/\/wcspltd.co.uk\/fr\/produit\/whole-langoustines-2\/\" \/>\n<meta property=\"og:locale\" content=\"fr_FR\" \/>\n<meta property=\"og:type\" content=\"article\" \/>\n<meta property=\"og:title\" content=\"Buy Whole Langoustines Online | Delivery &amp; Collection\" \/>\n<meta property=\"og:description\" content=\"Buy Whole Langoustines From The West Coast Sea Products Online Store. Delivery &amp; Collection\" \/>\n<meta property=\"og:url\" content=\"https:\/\/wcspltd.co.uk\/fr\/produit\/whole-langoustines-2\/\" \/>\n<meta property=\"og:site_name\" content=\"West Coast Sea Products Ltd - Wholesale Shellfish Suppliers\" \/>\n<meta property=\"article:modified_time\" content=\"2025-07-16T12:17:41+00:00\" \/>\n<meta property=\"og:image\" content=\"https:\/\/wcspltd.co.uk\/wp-content\/uploads\/2021\/11\/langoustines.png\" \/>\n\t<meta property=\"og:image:width\" content=\"1080\" \/>\n\t<meta property=\"og:image:height\" content=\"1080\" \/>\n\t<meta property=\"og:image:type\" content=\"image\/png\" \/>\n<meta name=\"twitter:card\" content=\"summary_large_image\" \/>\n<meta name=\"twitter:label1\" content=\"Dur\u00e9e de lecture estim\u00e9e\" \/>\n\t<meta name=\"twitter:data1\" content=\"2 minutes\" \/>\n<script type=\"application\/ld+json\" class=\"yoast-schema-graph\">{\"@context\":\"https:\\\/\\\/schema.org\",\"@graph\":[{\"@type\":\"WebPage\",\"@id\":\"https:\\\/\\\/wcspltd.co.uk\\\/product\\\/whole-langoustines-2\\\/\",\"url\":\"https:\\\/\\\/wcspltd.co.uk\\\/product\\\/whole-langoustines-2\\\/\",\"name\":\"Buy Whole Langoustines Online | Delivery &amp; Collection\",\"isPartOf\":{\"@id\":\"https:\\\/\\\/wcspltd.co.uk\\\/#website\"},\"primaryImageOfPage\":{\"@id\":\"https:\\\/\\\/wcspltd.co.uk\\\/product\\\/whole-langoustines-2\\\/#primaryimage\"},\"image\":{\"@id\":\"https:\\\/\\\/wcspltd.co.uk\\\/product\\\/whole-langoustines-2\\\/#primaryimage\"},\"thumbnailUrl\":\"https:\\\/\\\/wcspltd.co.uk\\\/wp-content\\\/uploads\\\/2021\\\/11\\\/langoustines.png\",\"datePublished\":\"2021-11-01T12:49:02+00:00\",\"dateModified\":\"2025-07-16T12:17:41+00:00\",\"description\":\"Buy Whole Langoustines From The West Coast Sea Products Online Store. Delivery &amp; Collection\",\"breadcrumb\":{\"@id\":\"https:\\\/\\\/wcspltd.co.uk\\\/product\\\/whole-langoustines-2\\\/#breadcrumb\"},\"inLanguage\":\"fr-FR\",\"potentialAction\":[{\"@type\":\"ReadAction\",\"target\":[\"https:\\\/\\\/wcspltd.co.uk\\\/product\\\/whole-langoustines-2\\\/\"]}]},{\"@type\":\"ImageObject\",\"inLanguage\":\"fr-FR\",\"@id\":\"https:\\\/\\\/wcspltd.co.uk\\\/product\\\/whole-langoustines-2\\\/#primaryimage\",\"url\":\"https:\\\/\\\/wcspltd.co.uk\\\/wp-content\\\/uploads\\\/2021\\\/11\\\/langoustines.png\",\"contentUrl\":\"https:\\\/\\\/wcspltd.co.uk\\\/wp-content\\\/uploads\\\/2021\\\/11\\\/langoustines.png\",\"width\":1080,\"height\":1080},{\"@type\":\"BreadcrumbList\",\"@id\":\"https:\\\/\\\/wcspltd.co.uk\\\/product\\\/whole-langoustines-2\\\/#breadcrumb\",\"itemListElement\":[{\"@type\":\"ListItem\",\"position\":1,\"name\":\"Home\",\"item\":\"https:\\\/\\\/wcspltd.co.uk\\\/\"},{\"@type\":\"ListItem\",\"position\":2,\"name\":\"Local Shop\",\"item\":\"https:\\\/\\\/wcspltd.co.uk\\\/shop\\\/\"},{\"@type\":\"ListItem\",\"position\":3,\"name\":\"Whole Cooked Langoustines\"}]},{\"@type\":\"WebSite\",\"@id\":\"https:\\\/\\\/wcspltd.co.uk\\\/#website\",\"url\":\"https:\\\/\\\/wcspltd.co.uk\\\/\",\"name\":\"West Coast Sea Products Ltd - Wholesale Shellfish Suppliers\",\"description\":\"\",\"potentialAction\":[{\"@type\":\"SearchAction\",\"target\":{\"@type\":\"EntryPoint\",\"urlTemplate\":\"https:\\\/\\\/wcspltd.co.uk\\\/?s={search_term_string}\"},\"query-input\":{\"@type\":\"PropertyValueSpecification\",\"valueRequired\":true,\"valueName\":\"search_term_string\"}}],\"inLanguage\":\"fr-FR\"}]}<\/script>\n<!-- \/ Yoast SEO plugin. -->","yoast_head_json":{"title":"Buy Whole Langoustines Online | Delivery &amp; Collection","description":"Buy Whole Langoustines From The West Coast Sea Products Online Store. Delivery &amp; Collection","robots":{"index":"index","follow":"follow","max-snippet":"max-snippet:-1","max-image-preview":"max-image-preview:large","max-video-preview":"max-video-preview:-1"},"canonical":"https:\/\/wcspltd.co.uk\/fr\/produit\/whole-langoustines-2\/","og_locale":"fr_FR","og_type":"article","og_title":"Buy Whole Langoustines Online | Delivery &amp; Collection","og_description":"Buy Whole Langoustines From The West Coast Sea Products Online Store. Delivery &amp; Collection","og_url":"https:\/\/wcspltd.co.uk\/fr\/produit\/whole-langoustines-2\/","og_site_name":"West Coast Sea Products Ltd - Wholesale Shellfish Suppliers","article_modified_time":"2025-07-16T12:17:41+00:00","og_image":[{"width":1080,"height":1080,"url":"https:\/\/wcspltd.co.uk\/wp-content\/uploads\/2021\/11\/langoustines.png","type":"image\/png"}],"twitter_card":"summary_large_image","twitter_misc":{"Dur\u00e9e de lecture estim\u00e9e":"2 minutes"},"schema":{"@context":"https:\/\/schema.org","@graph":[{"@type":"WebPage","@id":"https:\/\/wcspltd.co.uk\/product\/whole-langoustines-2\/","url":"https:\/\/wcspltd.co.uk\/product\/whole-langoustines-2\/","name":"Buy Whole Langoustines Online | Delivery &amp; Collection","isPartOf":{"@id":"https:\/\/wcspltd.co.uk\/#website"},"primaryImageOfPage":{"@id":"https:\/\/wcspltd.co.uk\/product\/whole-langoustines-2\/#primaryimage"},"image":{"@id":"https:\/\/wcspltd.co.uk\/product\/whole-langoustines-2\/#primaryimage"},"thumbnailUrl":"https:\/\/wcspltd.co.uk\/wp-content\/uploads\/2021\/11\/langoustines.png","datePublished":"2021-11-01T12:49:02+00:00","dateModified":"2025-07-16T12:17:41+00:00","description":"Buy Whole Langoustines From The West Coast Sea Products Online Store. Delivery &amp; Collection","breadcrumb":{"@id":"https:\/\/wcspltd.co.uk\/product\/whole-langoustines-2\/#breadcrumb"},"inLanguage":"fr-FR","potentialAction":[{"@type":"ReadAction","target":["https:\/\/wcspltd.co.uk\/product\/whole-langoustines-2\/"]}]},{"@type":"ImageObject","inLanguage":"fr-FR","@id":"https:\/\/wcspltd.co.uk\/product\/whole-langoustines-2\/#primaryimage","url":"https:\/\/wcspltd.co.uk\/wp-content\/uploads\/2021\/11\/langoustines.png","contentUrl":"https:\/\/wcspltd.co.uk\/wp-content\/uploads\/2021\/11\/langoustines.png","width":1080,"height":1080},{"@type":"BreadcrumbList","@id":"https:\/\/wcspltd.co.uk\/product\/whole-langoustines-2\/#breadcrumb","itemListElement":[{"@type":"ListItem","position":1,"name":"Home","item":"https:\/\/wcspltd.co.uk\/"},{"@type":"ListItem","position":2,"name":"Local Shop","item":"https:\/\/wcspltd.co.uk\/shop\/"},{"@type":"ListItem","position":3,"name":"Whole Cooked Langoustines"}]},{"@type":"WebSite","@id":"https:\/\/wcspltd.co.uk\/#website","url":"https:\/\/wcspltd.co.uk\/","name":"West Coast Sea Products Ltd - Fournisseurs de mollusques et crustac\u00e9s en gros","description":"","potentialAction":[{"@type":"SearchAction","target":{"@type":"EntryPoint","urlTemplate":"https:\/\/wcspltd.co.uk\/?s={search_term_string}"},"query-input":{"@type":"PropertyValueSpecification","valueRequired":true,"valueName":"search_term_string"}}],"inLanguage":"fr-FR"}]}},"jetpack_sharing_enabled":true,"_links":{"self":[{"href":"https:\/\/wcspltd.co.uk\/fr\/wp-json\/wp\/v2\/product\/9646","targetHints":{"allow":["GET"]}}],"collection":[{"href":"https:\/\/wcspltd.co.uk\/fr\/wp-json\/wp\/v2\/product"}],"about":[{"href":"https:\/\/wcspltd.co.uk\/fr\/wp-json\/wp\/v2\/types\/product"}],"wp:featuredmedia":[{"embeddable":true,"href":"https:\/\/wcspltd.co.uk\/fr\/wp-json\/wp\/v2\/media\/13876"}],"wp:attachment":[{"href":"https:\/\/wcspltd.co.uk\/fr\/wp-json\/wp\/v2\/media?parent=9646"}],"wp:term":[{"taxonomy":"brand","embeddable":true,"href":"https:\/\/wcspltd.co.uk\/fr\/wp-json\/wp\/v2\/etheme_brands?post=9646"},{"taxonomy":"product_brand","embeddable":true,"href":"https:\/\/wcspltd.co.uk\/fr\/wp-json\/wp\/v2\/product_brand?post=9646"},{"taxonomy":"product_cat","embeddable":true,"href":"https:\/\/wcspltd.co.uk\/fr\/wp-json\/wp\/v2\/product_cat?post=9646"},{"taxonomy":"product_tag","embeddable":true,"href":"https:\/\/wcspltd.co.uk\/fr\/wp-json\/wp\/v2\/product_tag?post=9646"}],"curies":[{"name":"wp","href":"https:\/\/api.w.org\/{rel}","templated":true}]}}